{"id":6273,"date":"2025-07-11T13:59:09","date_gmt":"2025-07-11T12:59:09","guid":{"rendered":"https:\/\/carvoeirobranco.com\/?page_id=6273"},"modified":"2026-04-20T12:03:42","modified_gmt":"2026-04-20T11:03:42","slug":"credito-a-habitacao","status":"publish","type":"page","link":"https:\/\/carvoeirobranco.com\/pt-pt\/credito-a-habitacao\/","title":{"rendered":"Cr\u00e9dito \u00e0 habita\u00e7\u00e3o"},"content":{"rendered":"<div class=\"wpb-content-wrapper\"><p>[vc_row css=&#8221;.vc_custom_1680105122358{margin-top: 50px !important;}&#8221; conditional_render=&#8221;%5B%7B%22value_role%22%3A%22administrator%22%7D%5D&#8221;][vc_column width=&#8221;2\/3&#8243;][vc_column_text css=&#8221;&#8221; css_params=&#8221;&#8221;]<\/p>\n<h1><span style=\"color: #e47126;\">Cr\u00e9dito \u00e0 habita\u00e7\u00e3o? <span style=\"color: #2b2926;\">Podemos ajudar.<\/span><\/span><\/h1>\n<p>A <strong>Carvoeiro Branco<\/strong>, em parceria com a sua associada <strong>Arrow &#8211; Intermedi\u00e1rios de Cr\u00e9dito, Lda.<\/strong>, disponibiliza apoio especializado no processo de cr\u00e9dito \u00e0 habita\u00e7\u00e3o.<\/p>\n<p>A <strong>Arrow \u00e9 um intermedi\u00e1rio de cr\u00e9dito vinculado<\/strong>, registado no Banco de Portugal com o n\u00ba<strong> 0008109<\/strong>, e atua exclusivamente na presta\u00e7\u00e3o dos servi\u00e7os de intermedia\u00e7\u00e3o de cr\u00e9dito a seguir apresentados:<\/p>\n<ul>\n<li><span style=\"color: #2b2926;\">Apresenta\u00e7\u00e3o ou proposta de contratos de cr\u00e9dito a consumidores;<\/span><\/li>\n<li><span style=\"color: #2b2926;\">Assist\u00eancia a consumidores, mediante a realiza\u00e7\u00e3o de atos preparat\u00f3rios ou de outros trabalhos de gest\u00e3o pr\u00e9-contratual relativamente a contratos de cr\u00e9dito que n\u00e3o tenham sido por si apresentados ou propostos;<\/span><\/li>\n<li><span style=\"color: #2b2926;\">Celebra\u00e7\u00e3o de contratos de cr\u00e9dito com consumidores em nome dos mutuantes.<\/span><\/li>\n<\/ul>\n<p>N\u00e3o atua em regime de exclusividade nem presta servi\u00e7os de Consultoria.<\/p>\n<p>O seu trabalho consiste em facilitar a liga\u00e7\u00e3o entre os clientes e as institui\u00e7\u00f5es banc\u00e1rias com as quais mant\u00e9m contrato &#8211; <strong>Banco BPI, S.A., Banco Santander Totta, S.A. e Caixa Geral de Dep\u00f3sitos, S.A<\/strong>. &#8211; assegurando o acompanhamento necess\u00e1rio na apresenta\u00e7\u00e3o das solu\u00e7\u00f5es de financiamento disponibilizadas por essas entidades.<\/p>\n<p>A <strong>Arrow<\/strong> est\u00e1 sediada nos nossos escrit\u00f3rios em Lagoa (Algarve) e dispon\u00edvel para prestar apoio sempre que necess\u00e1rio.<\/p>\n<p>&nbsp;<\/p>\n<p><strong>Arrow Intermedi\u00e1rios de Cr\u00e9dito Lda. | Intermedi\u00e1rio de Cr\u00e9dito Vinculado<\/strong><br \/>\nRua Jacinto Correia, Bloco A, Loja JLM<br \/>\nEdif\u00edcio Atrium Lagoa<br \/>\n8400-398 Lagoa (Algarve)<br \/>\nEmail: <a href=\"mailto:jm@intermediariosarrow.pt\">jm@intermediariosarrow.pt<br \/>\n<\/a>Telefone: <a href=\"tel:(+351)%20924%20778%20470\">(+351) 924 778 470<\/a> (Chamada para rede m\u00f3vel nacional)<br \/>\nWebsite: <a href=\"http:\/\/www.intermediariosarrow.pt\">www.intermediariosarrow.pt<\/a>[\/vc_column_text][\/vc_column][vc_column width=&#8221;1\/3&#8243; is_sticky=&#8221;yes&#8221; sticky_min_width=&#8221;767&#8243; sticky_top=&#8221;110&#8243; sticky_bottom=&#8221;0&#8243; conditional_render=&#8221;%5B%7B%22value_role%22%3A%22administrator%22%7D%5D&#8221;][vc_single_image image=&#8221;6267&#8243; img_size=&#8221;full&#8221; alignment=&#8221;center&#8221; css=&#8221;&#8221; css_params=&#8221;&#8221;][vc_single_image image=&#8221;7086&#8243; img_size=&#8221;medium&#8221; alignment=&#8221;center&#8221; css=&#8221;&#8221; css_params=&#8221;&#8221; label=&#8221;&#8221;][\/vc_column][\/vc_row]<\/p>\n<\/div>","protected":false},"excerpt":{"rendered":"<p>[vc_row css=&#8221;.vc_custom_1680105122358{margin-top: 50px !important;}&#8221; conditional_render=&#8221;%5B%7B%22value_role%22%3A%22administrator%22%7D%5D&#8221;][vc_column width=&#8221;2\/3&#8243;][vc_column_text css=&#8221;&#8221; css_params=&#8221;&#8221;] Cr\u00e9dito \u00e0 habita\u00e7\u00e3o? Podemos ajudar. A Carvoeiro Branco, em parceria com a sua associada Arrow &#8211; Intermedi\u00e1rios de Cr\u00e9dito, Lda., disponibiliza apoio especializado no processo de cr\u00e9dito \u00e0 habita\u00e7\u00e3o. A Arrow \u00e9 um intermedi\u00e1rio de cr\u00e9dito vinculado, registado no Banco de Portugal com o n\u00ba 0008109, e [&hellip;]<\/p>\n","protected":false},"author":1,"featured_media":0,"parent":0,"menu_order":0,"comment_status":"closed","ping_status":"closed","template":"","meta":{"_acf_changed":false,"inline_featured_image":false,"_monsterinsights_skip_tracking":false,"_monsterinsights_sitenote_active":false,"_monsterinsights_sitenote_note":"","_monsterinsights_sitenote_category":0,"footnotes":"","_links_to":"","_links_to_target":""},"class_list":["post-6273","page","type-page","status-publish","hentry"],"acf":[],"yoast_head":"<!-- This site is optimized with the Yoast SEO Premium plugin v27.1 (Yoast SEO v27.5) - https:\/\/yoast.com\/product\/yoast-seo-premium-wordpress\/ -->\n<title>Cr\u00e9dito \u00e0 Habita\u00e7\u00e3o | Financiamento Imobili\u00e1rio no Algarve<\/title>\n<meta name=\"description\" content=\"Em parceria com a nossa associada Arrow - Intermedi\u00e1rios de Cr\u00e9dito, disponibilizamos apoio especializado no processo de cr\u00e9dito \u00e0 habita\u00e7\u00e3o.\" \/>\n<meta name=\"robots\" content=\"index, follow, max-snippet:-1, max-image-preview:large, max-video-preview:-1\" \/>\n<link rel=\"canonical\" href=\"https:\/\/carvoeirobranco.com\/pt-pt\/credito-a-habitacao\/\" \/>\n<meta property=\"og:locale\" content=\"pt_PT\" \/>\n<meta property=\"og:type\" content=\"article\" \/>\n<meta property=\"og:title\" content=\"Cr\u00e9dito \u00e0 habita\u00e7\u00e3o\" \/>\n<meta property=\"og:description\" content=\"Em parceria com a nossa associada Arrow - Intermedi\u00e1rios de Cr\u00e9dito, disponibilizamos apoio especializado no processo de cr\u00e9dito \u00e0 habita\u00e7\u00e3o.\" \/>\n<meta property=\"og:url\" content=\"https:\/\/carvoeirobranco.com\/pt-pt\/credito-a-habitacao\/\" \/>\n<meta property=\"og:site_name\" content=\"Carvoeiro Branco\" \/>\n<meta property=\"article:modified_time\" content=\"2026-04-20T11:03:42+00:00\" \/>\n<meta name=\"twitter:card\" content=\"summary_large_image\" \/>\n<meta name=\"twitter:label1\" content=\"Tempo estimado de leitura\" \/>\n\t<meta name=\"twitter:data1\" content=\"2 minutos\" \/>\n<script type=\"application\/ld+json\" class=\"yoast-schema-graph\">{\"@context\":\"https:\\\/\\\/schema.org\",\"@graph\":[{\"@type\":\"WebPage\",\"@id\":\"https:\\\/\\\/carvoeirobranco.com\\\/pt-pt\\\/credito-a-habitacao\\\/\",\"url\":\"https:\\\/\\\/carvoeirobranco.com\\\/pt-pt\\\/credito-a-habitacao\\\/\",\"name\":\"Cr\u00e9dito \u00e0 Habita\u00e7\u00e3o | Financiamento Imobili\u00e1rio no Algarve\",\"isPartOf\":{\"@id\":\"https:\\\/\\\/carvoeirobranco.com\\\/#website\"},\"datePublished\":\"2025-07-11T12:59:09+00:00\",\"dateModified\":\"2026-04-20T11:03:42+00:00\",\"description\":\"Em parceria com a nossa associada Arrow - Intermedi\u00e1rios de Cr\u00e9dito, disponibilizamos apoio especializado no processo de cr\u00e9dito \u00e0 habita\u00e7\u00e3o.\",\"breadcrumb\":{\"@id\":\"https:\\\/\\\/carvoeirobranco.com\\\/pt-pt\\\/credito-a-habitacao\\\/#breadcrumb\"},\"inLanguage\":\"pt-PT\",\"potentialAction\":[{\"@type\":\"ReadAction\",\"target\":[\"https:\\\/\\\/carvoeirobranco.com\\\/pt-pt\\\/credito-a-habitacao\\\/\"]}]},{\"@type\":\"BreadcrumbList\",\"@id\":\"https:\\\/\\\/carvoeirobranco.com\\\/pt-pt\\\/credito-a-habitacao\\\/#breadcrumb\",\"itemListElement\":[{\"@type\":\"ListItem\",\"position\":1,\"name\":\"Home\",\"item\":\"https:\\\/\\\/carvoeirobranco.com\\\/pt-pt\\\/\"},{\"@type\":\"ListItem\",\"position\":2,\"name\":\"Cr\u00e9dito \u00e0 habita\u00e7\u00e3o\"}]},{\"@type\":\"WebSite\",\"@id\":\"https:\\\/\\\/carvoeirobranco.com\\\/#website\",\"url\":\"https:\\\/\\\/carvoeirobranco.com\\\/\",\"name\":\"Carvoeiro Branco\",\"description\":\"Developers at heart\",\"potentialAction\":[{\"@type\":\"SearchAction\",\"target\":{\"@type\":\"EntryPoint\",\"urlTemplate\":\"https:\\\/\\\/carvoeirobranco.com\\\/?s={search_term_string}\"},\"query-input\":{\"@type\":\"PropertyValueSpecification\",\"valueRequired\":true,\"valueName\":\"search_term_string\"}}],\"inLanguage\":\"pt-PT\"}]}<\/script>\n<!-- \/ Yoast SEO Premium plugin. -->","yoast_head_json":{"title":"Cr\u00e9dito \u00e0 Habita\u00e7\u00e3o | Financiamento Imobili\u00e1rio no Algarve","description":"Em parceria com a nossa associada Arrow - Intermedi\u00e1rios de Cr\u00e9dito, disponibilizamos apoio especializado no processo de cr\u00e9dito \u00e0 habita\u00e7\u00e3o.","robots":{"index":"index","follow":"follow","max-snippet":"max-snippet:-1","max-image-preview":"max-image-preview:large","max-video-preview":"max-video-preview:-1"},"canonical":"https:\/\/carvoeirobranco.com\/pt-pt\/credito-a-habitacao\/","og_locale":"pt_PT","og_type":"article","og_title":"Cr\u00e9dito \u00e0 habita\u00e7\u00e3o","og_description":"Em parceria com a nossa associada Arrow - Intermedi\u00e1rios de Cr\u00e9dito, disponibilizamos apoio especializado no processo de cr\u00e9dito \u00e0 habita\u00e7\u00e3o.","og_url":"https:\/\/carvoeirobranco.com\/pt-pt\/credito-a-habitacao\/","og_site_name":"Carvoeiro Branco","article_modified_time":"2026-04-20T11:03:42+00:00","twitter_card":"summary_large_image","twitter_misc":{"Tempo estimado de leitura":"2 minutos"},"schema":{"@context":"https:\/\/schema.org","@graph":[{"@type":"WebPage","@id":"https:\/\/carvoeirobranco.com\/pt-pt\/credito-a-habitacao\/","url":"https:\/\/carvoeirobranco.com\/pt-pt\/credito-a-habitacao\/","name":"Cr\u00e9dito \u00e0 Habita\u00e7\u00e3o | Financiamento Imobili\u00e1rio no Algarve","isPartOf":{"@id":"https:\/\/carvoeirobranco.com\/#website"},"datePublished":"2025-07-11T12:59:09+00:00","dateModified":"2026-04-20T11:03:42+00:00","description":"Em parceria com a nossa associada Arrow - Intermedi\u00e1rios de Cr\u00e9dito, disponibilizamos apoio especializado no processo de cr\u00e9dito \u00e0 habita\u00e7\u00e3o.","breadcrumb":{"@id":"https:\/\/carvoeirobranco.com\/pt-pt\/credito-a-habitacao\/#breadcrumb"},"inLanguage":"pt-PT","potentialAction":[{"@type":"ReadAction","target":["https:\/\/carvoeirobranco.com\/pt-pt\/credito-a-habitacao\/"]}]},{"@type":"BreadcrumbList","@id":"https:\/\/carvoeirobranco.com\/pt-pt\/credito-a-habitacao\/#breadcrumb","itemListElement":[{"@type":"ListItem","position":1,"name":"Home","item":"https:\/\/carvoeirobranco.com\/pt-pt\/"},{"@type":"ListItem","position":2,"name":"Cr\u00e9dito \u00e0 habita\u00e7\u00e3o"}]},{"@type":"WebSite","@id":"https:\/\/carvoeirobranco.com\/#website","url":"https:\/\/carvoeirobranco.com\/","name":"Carvoeiro Branco","description":"Developers at heart","potentialAction":[{"@type":"SearchAction","target":{"@type":"EntryPoint","urlTemplate":"https:\/\/carvoeirobranco.com\/?s={search_term_string}"},"query-input":{"@type":"PropertyValueSpecification","valueRequired":true,"valueName":"search_term_string"}}],"inLanguage":"pt-PT"}]}},"_links":{"self":[{"href":"https:\/\/carvoeirobranco.com\/pt-pt\/wp-json\/wp\/v2\/pages\/6273","targetHints":{"allow":["GET"]}}],"collection":[{"href":"https:\/\/carvoeirobranco.com\/pt-pt\/wp-json\/wp\/v2\/pages"}],"about":[{"href":"https:\/\/carvoeirobranco.com\/pt-pt\/wp-json\/wp\/v2\/types\/page"}],"author":[{"embeddable":true,"href":"https:\/\/carvoeirobranco.com\/pt-pt\/wp-json\/wp\/v2\/users\/1"}],"replies":[{"embeddable":true,"href":"https:\/\/carvoeirobranco.com\/pt-pt\/wp-json\/wp\/v2\/comments?post=6273"}],"version-history":[{"count":0,"href":"https:\/\/carvoeirobranco.com\/pt-pt\/wp-json\/wp\/v2\/pages\/6273\/revisions"}],"wp:attachment":[{"href":"https:\/\/carvoeirobranco.com\/pt-pt\/wp-json\/wp\/v2\/media?parent=6273"}],"curies":[{"name":"wp","href":"https:\/\/api.w.org\/{rel}","templated":true}]}}