{"id":6174,"date":"2025-06-05T01:19:47","date_gmt":"2025-06-05T00:19:47","guid":{"rendered":"https:\/\/carvoeirobranco.com\/we-accept-cryptocurrency-payments\/"},"modified":"2026-04-20T11:49:56","modified_gmt":"2026-04-20T10:49:56","slug":"aceitamos-pagamentos-em-criptomoedas","status":"publish","type":"page","link":"https:\/\/carvoeirobranco.com\/pt-pt\/aceitamos-pagamentos-em-criptomoedas\/","title":{"rendered":"Aceitamos pagamentos em criptomoedas"},"content":{"rendered":"<div class=\"wpb-content-wrapper\"><p>[vc_row css=&#8221;.vc_custom_1680105122358{margin-top: 50px !important;}&#8221; conditional_render=&#8221;%5B%7B%22value_role%22%3A%22administrator%22%7D%5D&#8221;][vc_column width=&#8221;2\/3&#8243;][vc_column_text css=&#8221;&#8221; css_params=&#8221;&#8221;]<\/p>\n<h1><span style=\"color: #e47126;\">Pretende comprar um im\u00f3vel com criptomoedas? <span style=\"color: #2b2926;\">N\u00f3s aceitamos pagamentos em cripto.<\/span><\/span><\/h1>\n<p>A Carvoeiro Branco estabeleceu uma parceria estrat\u00e9gica com a Damisa, uma fintech l\u00edder em solu\u00e7\u00f5es de pagamento com criptomoedas e tecnologia de escrow (cust\u00f3dia digital), disponibilizando cerca de 45 milh\u00f5es de euros em im\u00f3veis premium no Algarve.<br \/>\nA plataforma da Damisa permite a liquida\u00e7\u00e3o de transa\u00e7\u00f5es em criptomoedas, stablecoins e mais de 90 moedas FIAT, assegurando total conformidade e transpar\u00eancia.<\/p>\n<p>Com infraestrutura de pagamentos e escrow totalmente regulada e licenciada na Europa e na Austr\u00e1lia, o sistema elimina as barreiras tradicionais das transa\u00e7\u00f5es imobili\u00e1rias internacionais, reduzindo custos, prazos e complexidades para compradores e investidores.<br \/>\nGra\u00e7as \u00e0 camada de orquestra\u00e7\u00e3o da Damisa, os compradores podem adquirir im\u00f3veis utilizando a criptomoeda da sua prefer\u00eancia, incluindo Bitcoin e stablecoins reguladas. A convers\u00e3o \u00e9 autom\u00e1tica, e os fundos s\u00e3o mantidos em contas de escrow certificadas, garantindo um processo de compra r\u00e1pido e em conformidade com os padr\u00f5es internacionais.<\/p>\n<p>&nbsp;<\/p>\n<h2><span style=\"color: #2b2926;\">Como Funciona o Pagamento em Criptomoedas<\/span><\/h2>\n<p>Atrav\u00e9s da plataforma Damisa, \u00e9 poss\u00edvel liquidar transa\u00e7\u00f5es imobili\u00e1rias em criptomoedas com total conformidade legal e valida\u00e7\u00e3o blockchain.<\/p>\n<p>&nbsp;<\/p>\n<h2><span style=\"color: #2b2926;\">Vantagens de Comprar com Cripto<\/span><\/h2>\n<ul>\n<li><span style=\"color: #2b2926;\">Pagamento r\u00e1pido e internacional;<\/span><\/li>\n<li><span style=\"color: #2b2926;\">Convers\u00e3o autom\u00e1tica para euros no momento da transa\u00e7\u00e3o;<\/span><\/li>\n<li><span style=\"color: #2b2926;\">Elimina\u00e7\u00e3o de barreiras banc\u00e1rias e custos de transfer\u00eancia;<\/span><\/li>\n<li><span style=\"color: #2b2926;\">Processo certificado por entidades reguladas na Uni\u00e3o Europeia.<\/span><\/li>\n<\/ul>\n<p>&nbsp;<\/p>\n<h2><span style=\"color: #2b2926;\">Im\u00f3veis Eleg\u00edveis<\/span><\/h2>\n<p>Atualmente, o pagamento com criptomoedas est\u00e1 dispon\u00edvel para o empreendimento <strong>The Court<\/strong> &#8211; um dos projetos de refer\u00eancia da Carvoeiro Branco no Algarve.<\/p>\n<p>&nbsp;<\/p>\n<h2><span style=\"color: #2b2926;\">Investir com Inova\u00e7\u00e3o e Confian\u00e7a<\/span><\/h2>\n<p>A Carvoeiro Branco acredita que a tecnologia \u00e9 uma aliada no futuro do investimento imobili\u00e1rio.<br \/>\nAo aceitar criptomoedas, aproximamos o mercado portugu\u00eas de uma nova gera\u00e7\u00e3o de investidores, valorizando a transpar\u00eancia, a inova\u00e7\u00e3o financeira e a confian\u00e7a em cada neg\u00f3cio.<\/p>\n<p>&nbsp;<\/p>\n<h2><span style=\"color: #2b2926;\">Como funciona<\/span><\/h2>\n<p><strong>Reserve o seu Apartamento<\/strong><br \/>\nFa\u00e7a uma reserva padr\u00e3o da unidade que pretende adquirir.<\/p>\n<p><strong>Verifique a sua Identidade<\/strong><br \/>\nConclua o processo KYC (Know Your Customer) e cumpra todos os requisitos legais e de conformidade.<\/p>\n<p><strong>Envie o seu Pagamento em Cripto<\/strong><br \/>\nTransfira o valor da sua carteira de criptomoedas para a nossa conta Damisa utilizando stablecoins ou outra criptomoeda.<\/p>\n<p><strong>Conclua a sua Compra<\/strong><br \/>\nAp\u00f3s a confirma\u00e7\u00e3o de todos os passos, a aquisi\u00e7\u00e3o do seu apartamento ser\u00e1 finalizada.[\/vc_column_text][\/vc_column][vc_column width=&#8221;1\/3&#8243; is_sticky=&#8221;yes&#8221; sticky_min_width=&#8221;767&#8243; sticky_top=&#8221;110&#8243; sticky_bottom=&#8221;0&#8243; conditional_render=&#8221;%5B%7B%22value_role%22%3A%22administrator%22%7D%5D&#8221;][vc_single_image image=&#8221;6157&#8243; img_size=&#8221;full&#8221; alignment=&#8221;center&#8221; css=&#8221;&#8221; css_params=&#8221;&#8221;][vc_single_image image=&#8221;6159&#8243; img_size=&#8221;medium&#8221; alignment=&#8221;center&#8221; css=&#8221;&#8221; css_params=&#8221;&#8221;][\/vc_column][\/vc_row]<\/p>\n<\/div>","protected":false},"excerpt":{"rendered":"<p>[vc_row css=&#8221;.vc_custom_1680105122358{margin-top: 50px !important;}&#8221; conditional_render=&#8221;%5B%7B%22value_role%22%3A%22administrator%22%7D%5D&#8221;][vc_column width=&#8221;2\/3&#8243;][vc_column_text css=&#8221;&#8221; css_params=&#8221;&#8221;] Pretende comprar um im\u00f3vel com criptomoedas? N\u00f3s aceitamos pagamentos em cripto. A Carvoeiro Branco estabeleceu uma parceria estrat\u00e9gica com a Damisa, uma fintech l\u00edder em solu\u00e7\u00f5es de pagamento com criptomoedas e tecnologia de escrow (cust\u00f3dia digital), disponibilizando cerca de 45 milh\u00f5es de euros em im\u00f3veis premium no [&hellip;]<\/p>\n","protected":false},"author":1,"featured_media":0,"parent":0,"menu_order":0,"comment_status":"closed","ping_status":"closed","template":"","meta":{"_acf_changed":false,"inline_featured_image":false,"_monsterinsights_skip_tracking":false,"_monsterinsights_sitenote_active":false,"_monsterinsights_sitenote_note":"","_monsterinsights_sitenote_category":0,"footnotes":"","_links_to":"","_links_to_target":""},"class_list":["post-6174","page","type-page","status-publish","hentry"],"acf":[],"yoast_head":"<!-- This site is optimized with the Yoast SEO Premium plugin v27.1 (Yoast SEO v27.5) - https:\/\/yoast.com\/product\/yoast-seo-premium-wordpress\/ -->\n<title>Comprar Im\u00f3vel com Criptomoedas | Carvoeiro Branco<\/title>\n<meta name=\"description\" content=\"A Carvoeiro Branco aceita pagamentos em criptomoedas na compra de im\u00f3veis. Uma forma inovadora de investir em propriedades no Algarve.\" \/>\n<meta name=\"robots\" content=\"index, follow, max-snippet:-1, max-image-preview:large, max-video-preview:-1\" \/>\n<link rel=\"canonical\" href=\"https:\/\/carvoeirobranco.com\/pt-pt\/aceitamos-pagamentos-em-criptomoedas\/\" \/>\n<meta property=\"og:locale\" content=\"pt_PT\" \/>\n<meta property=\"og:type\" content=\"article\" \/>\n<meta property=\"og:title\" content=\"Aceitamos pagamentos em criptomoedas\" \/>\n<meta property=\"og:description\" content=\"A Carvoeiro Branco aceita pagamentos em criptomoedas na compra de im\u00f3veis. Uma forma inovadora de investir em propriedades no Algarve.\" \/>\n<meta property=\"og:url\" content=\"https:\/\/carvoeirobranco.com\/pt-pt\/aceitamos-pagamentos-em-criptomoedas\/\" \/>\n<meta property=\"og:site_name\" content=\"Carvoeiro Branco\" \/>\n<meta property=\"article:modified_time\" content=\"2026-04-20T10:49:56+00:00\" \/>\n<meta name=\"twitter:card\" content=\"summary_large_image\" \/>\n<meta name=\"twitter:label1\" content=\"Tempo estimado de leitura\" \/>\n\t<meta name=\"twitter:data1\" content=\"3 minutos\" \/>\n<script type=\"application\/ld+json\" class=\"yoast-schema-graph\">{\"@context\":\"https:\\\/\\\/schema.org\",\"@graph\":[{\"@type\":\"WebPage\",\"@id\":\"https:\\\/\\\/carvoeirobranco.com\\\/pt-pt\\\/aceitamos-pagamentos-em-criptomoedas\\\/\",\"url\":\"https:\\\/\\\/carvoeirobranco.com\\\/pt-pt\\\/aceitamos-pagamentos-em-criptomoedas\\\/\",\"name\":\"Comprar Im\u00f3vel com Criptomoedas | Carvoeiro Branco\",\"isPartOf\":{\"@id\":\"https:\\\/\\\/carvoeirobranco.com\\\/#website\"},\"datePublished\":\"2025-06-05T00:19:47+00:00\",\"dateModified\":\"2026-04-20T10:49:56+00:00\",\"description\":\"A Carvoeiro Branco aceita pagamentos em criptomoedas na compra de im\u00f3veis. Uma forma inovadora de investir em propriedades no Algarve.\",\"breadcrumb\":{\"@id\":\"https:\\\/\\\/carvoeirobranco.com\\\/pt-pt\\\/aceitamos-pagamentos-em-criptomoedas\\\/#breadcrumb\"},\"inLanguage\":\"pt-PT\",\"potentialAction\":[{\"@type\":\"ReadAction\",\"target\":[\"https:\\\/\\\/carvoeirobranco.com\\\/pt-pt\\\/aceitamos-pagamentos-em-criptomoedas\\\/\"]}]},{\"@type\":\"BreadcrumbList\",\"@id\":\"https:\\\/\\\/carvoeirobranco.com\\\/pt-pt\\\/aceitamos-pagamentos-em-criptomoedas\\\/#breadcrumb\",\"itemListElement\":[{\"@type\":\"ListItem\",\"position\":1,\"name\":\"Home\",\"item\":\"https:\\\/\\\/carvoeirobranco.com\\\/pt-pt\\\/\"},{\"@type\":\"ListItem\",\"position\":2,\"name\":\"Aceitamos pagamentos em criptomoedas\"}]},{\"@type\":\"WebSite\",\"@id\":\"https:\\\/\\\/carvoeirobranco.com\\\/#website\",\"url\":\"https:\\\/\\\/carvoeirobranco.com\\\/\",\"name\":\"Carvoeiro Branco\",\"description\":\"Developers at heart\",\"potentialAction\":[{\"@type\":\"SearchAction\",\"target\":{\"@type\":\"EntryPoint\",\"urlTemplate\":\"https:\\\/\\\/carvoeirobranco.com\\\/?s={search_term_string}\"},\"query-input\":{\"@type\":\"PropertyValueSpecification\",\"valueRequired\":true,\"valueName\":\"search_term_string\"}}],\"inLanguage\":\"pt-PT\"}]}<\/script>\n<!-- \/ Yoast SEO Premium plugin. -->","yoast_head_json":{"title":"Comprar Im\u00f3vel com Criptomoedas | Carvoeiro Branco","description":"A Carvoeiro Branco aceita pagamentos em criptomoedas na compra de im\u00f3veis. Uma forma inovadora de investir em propriedades no Algarve.","robots":{"index":"index","follow":"follow","max-snippet":"max-snippet:-1","max-image-preview":"max-image-preview:large","max-video-preview":"max-video-preview:-1"},"canonical":"https:\/\/carvoeirobranco.com\/pt-pt\/aceitamos-pagamentos-em-criptomoedas\/","og_locale":"pt_PT","og_type":"article","og_title":"Aceitamos pagamentos em criptomoedas","og_description":"A Carvoeiro Branco aceita pagamentos em criptomoedas na compra de im\u00f3veis. Uma forma inovadora de investir em propriedades no Algarve.","og_url":"https:\/\/carvoeirobranco.com\/pt-pt\/aceitamos-pagamentos-em-criptomoedas\/","og_site_name":"Carvoeiro Branco","article_modified_time":"2026-04-20T10:49:56+00:00","twitter_card":"summary_large_image","twitter_misc":{"Tempo estimado de leitura":"3 minutos"},"schema":{"@context":"https:\/\/schema.org","@graph":[{"@type":"WebPage","@id":"https:\/\/carvoeirobranco.com\/pt-pt\/aceitamos-pagamentos-em-criptomoedas\/","url":"https:\/\/carvoeirobranco.com\/pt-pt\/aceitamos-pagamentos-em-criptomoedas\/","name":"Comprar Im\u00f3vel com Criptomoedas | Carvoeiro Branco","isPartOf":{"@id":"https:\/\/carvoeirobranco.com\/#website"},"datePublished":"2025-06-05T00:19:47+00:00","dateModified":"2026-04-20T10:49:56+00:00","description":"A Carvoeiro Branco aceita pagamentos em criptomoedas na compra de im\u00f3veis. Uma forma inovadora de investir em propriedades no Algarve.","breadcrumb":{"@id":"https:\/\/carvoeirobranco.com\/pt-pt\/aceitamos-pagamentos-em-criptomoedas\/#breadcrumb"},"inLanguage":"pt-PT","potentialAction":[{"@type":"ReadAction","target":["https:\/\/carvoeirobranco.com\/pt-pt\/aceitamos-pagamentos-em-criptomoedas\/"]}]},{"@type":"BreadcrumbList","@id":"https:\/\/carvoeirobranco.com\/pt-pt\/aceitamos-pagamentos-em-criptomoedas\/#breadcrumb","itemListElement":[{"@type":"ListItem","position":1,"name":"Home","item":"https:\/\/carvoeirobranco.com\/pt-pt\/"},{"@type":"ListItem","position":2,"name":"Aceitamos pagamentos em criptomoedas"}]},{"@type":"WebSite","@id":"https:\/\/carvoeirobranco.com\/#website","url":"https:\/\/carvoeirobranco.com\/","name":"Carvoeiro Branco","description":"Developers at heart","potentialAction":[{"@type":"SearchAction","target":{"@type":"EntryPoint","urlTemplate":"https:\/\/carvoeirobranco.com\/?s={search_term_string}"},"query-input":{"@type":"PropertyValueSpecification","valueRequired":true,"valueName":"search_term_string"}}],"inLanguage":"pt-PT"}]}},"_links":{"self":[{"href":"https:\/\/carvoeirobranco.com\/pt-pt\/wp-json\/wp\/v2\/pages\/6174","targetHints":{"allow":["GET"]}}],"collection":[{"href":"https:\/\/carvoeirobranco.com\/pt-pt\/wp-json\/wp\/v2\/pages"}],"about":[{"href":"https:\/\/carvoeirobranco.com\/pt-pt\/wp-json\/wp\/v2\/types\/page"}],"author":[{"embeddable":true,"href":"https:\/\/carvoeirobranco.com\/pt-pt\/wp-json\/wp\/v2\/users\/1"}],"replies":[{"embeddable":true,"href":"https:\/\/carvoeirobranco.com\/pt-pt\/wp-json\/wp\/v2\/comments?post=6174"}],"version-history":[{"count":0,"href":"https:\/\/carvoeirobranco.com\/pt-pt\/wp-json\/wp\/v2\/pages\/6174\/revisions"}],"wp:attachment":[{"href":"https:\/\/carvoeirobranco.com\/pt-pt\/wp-json\/wp\/v2\/media?parent=6174"}],"curies":[{"name":"wp","href":"https:\/\/api.w.org\/{rel}","templated":true}]}}