{"id":3955,"date":"2023-03-16T09:36:51","date_gmt":"2023-03-16T09:36:51","guid":{"rendered":"https:\/\/carvoeirobranco.com\/?page_id=3955"},"modified":"2024-06-11T12:58:58","modified_gmt":"2024-06-11T12:58:58","slug":"politica-de-privacidade-e-cookies","status":"publish","type":"page","link":"https:\/\/carvoeirobranco.com\/pt-pt\/politica-de-privacidade-e-cookies\/","title":{"rendered":"Pol\u00edtica de Privacidade e Cookies"},"content":{"rendered":"<div class=\"wpb-content-wrapper\"><p>[vc_row css=&#8221;.vc_custom_1718110188042{padding-top: 30px !important;}&#8221; conditional_render=&#8221;%5B%7B%22value_role%22%3A%22administrator%22%7D%5D&#8221;][vc_column][vc_column_text css=&#8221;&#8221;]<\/p>\n<h2><strong>Pol\u00edtica de Privacidade e Cookies da Carvoeiro Branco Lda<\/strong><\/h2>\n<p>Esta \u00e9 a Pol\u00edtica de Privacidade e Cookies da Carvoeiro Branco Lda (doravante \u201cCarvoeiro Branco\u201d, \u201cN\u00f3s\u201d ou \u201cNosso\u201d), que rege a recolha e tratamento de dados pessoais obtidos de utilizadores (doravante &#8220;Utilizador&#8221;, &#8220;Utilizadores&#8221; ou \u201cVisitante(s)\u201d) que acedem ao nosso site em <a href=\"https:\/\/carvoeirobranco.com\" target=\"_new\" rel=\"noreferrer noopener\">https:\/\/www.carvoeirobranco.com<\/a> (doravante &#8220;Website&#8221;). Ao aceder e utilizar o nosso Website, os Utilizadores reconhecem e aceitam esta Pol\u00edtica de Privacidade e Cookies. Na Carvoeiro Branco, respeitamos a sua privacidade e estamos comprometidos em proteger os dados pessoais que recolhemos e processamos de acordo com o Regulamento Geral de Prote\u00e7\u00e3o de Dados (RGPD). Esta Pol\u00edtica de Privacidade explica como recolhemos, usamos, divulgamos e protegemos as suas informa\u00e7\u00f5es pessoais quando visita o nosso website e utiliza os nossos servi\u00e7os. Por favor, leia esta pol\u00edtica atentamente para compreender as nossas pr\u00e1ticas em rela\u00e7\u00e3o \u00e0s suas informa\u00e7\u00f5es pessoais.<\/p>\n<p>&nbsp;<\/p>\n<h2>Visitantes do Website<\/h2>\n<p>Como visitante do nosso website (<a href=\"https:\/\/carvoeirobranco.com\" target=\"_new\" rel=\"noreferrer noopener\">www.carvoeirobranco.com<\/a>), pode navegar no nosso site sem fornecer quaisquer dados pessoais. No entanto, usamos cookies para melhorar a sua experi\u00eancia de utilizador.<\/p>\n<p>&nbsp;<\/p>\n<h2>Recolha e Tratamento de Dados Pessoais<\/h2>\n<p>Certas funcionalidades do Website, como o preenchimento de formul\u00e1rios de contacto, podem exigir que os Utilizadores forne\u00e7am identifica\u00e7\u00e3o, como nome completo e nacionalidade, e dados pessoais, como morada, e-mail, n\u00famero de telefone e outras informa\u00e7\u00f5es de contacto. Tamb\u00e9m podemos recolher informa\u00e7\u00f5es sobre o seu endere\u00e7o IP e tipo de dispositivo atrav\u00e9s de cookies, web beacons e\/ou outras tecnologias de rastreamento. A Carvoeiro Branco \u00e9 respons\u00e1vel pela recolha e tratamento dos dados pessoais dos Utilizadores em conformidade com a legisla\u00e7\u00e3o de prote\u00e7\u00e3o de dados aplic\u00e1vel.<\/p>\n<p>A Carvoeiro Branco recolhe dados pessoais para os seguintes prop\u00f3sitos:<\/p>\n<ul>\n<li>Responder a consultas dos Utilizadores feitas atrav\u00e9s dos nossos formul\u00e1rios de contacto no Website;<\/li>\n<li>Fornecer aos Utilizadores informa\u00e7\u00f5es sobre os nossos produtos e servi\u00e7os, ofertas promocionais e marketing direto, sujeito ao pr\u00e9vio consentimento do Utilizador.<\/li>\n<\/ul>\n<p>&nbsp;<\/p>\n<h2>Direitos dos Utilizadores<\/h2>\n<p>De acordo com a legisla\u00e7\u00e3o aplic\u00e1vel, os Utilizadores t\u00eam os seguintes direitos:<\/p>\n<ul>\n<li>Direito \u00e0 informa\u00e7\u00e3o: Os indiv\u00edduos t\u00eam o direito de serem informados sobre a recolha e uso dos seus dados pessoais.<\/li>\n<li>Direito de acesso: Os indiv\u00edduos t\u00eam o direito de aceder aos seus dados pessoais e informa\u00e7\u00f5es sobre como est\u00e3o a ser processados.<\/li>\n<li>Direito de retifica\u00e7\u00e3o: Os indiv\u00edduos t\u00eam o direito de corrigir dados pessoais inexatos e completar dados incompletos.<\/li>\n<li>Direito ao apagamento: Os indiv\u00edduos t\u00eam o direito de ter os seus dados pessoais apagados, tamb\u00e9m conhecido como &#8220;direito ao esquecimento&#8221;.<\/li>\n<li>Direito \u00e0 restri\u00e7\u00e3o de processamento: Os indiv\u00edduos t\u00eam o direito de restringir o processamento dos seus dados pessoais em certas circunst\u00e2ncias.<\/li>\n<li>Direito \u00e0 portabilidade dos dados: Os indiv\u00edduos t\u00eam o direito de obter e reutilizar os seus dados pessoais para os seus pr\u00f3prios fins em diferentes servi\u00e7os.<\/li>\n<li>Direito de objec\u00e7\u00e3o: Os indiv\u00edduos t\u00eam o direito de se opor ao processamento dos seus dados pessoais em certas circunst\u00e2ncias.<\/li>\n<li>Direitos relacionados com a tomada de decis\u00e3o automatizada e cria\u00e7\u00e3o de perfis: Os indiv\u00edduos t\u00eam o direito de n\u00e3o serem sujeitos a decis\u00f5es baseadas unicamente em processamento automatizado, incluindo a cria\u00e7\u00e3o de perfis, que os afetem significativamente.<\/li>\n<\/ul>\n<p>Por favor, note que alguns destes direitos podem ser limitados onde temos um interesse predominante ou obriga\u00e7\u00e3o legal de continuar a processar os dados, ou onde os dados podem estar isentos de divulga\u00e7\u00e3o por raz\u00f5es de privil\u00e9gio legal profissional.<\/p>\n<p>Se desejar entrar em contacto connosco em rela\u00e7\u00e3o a qualquer um dos seus direitos acima, por favor, contacte-nos por correio ou e-mail: Carvoeiro Branco Lda, Rua Jacinto Correia, Edif\u00edcio Atrium Lagoa, Loja JLM, 8400-398 Lagoa \u2013 Algarve (Portugal) ou <a rel=\"noreferrer\">info@carvoeirobranco.com<\/a>.<\/p>\n<p>&nbsp;<\/p>\n<h2>Reten\u00e7\u00e3o de Dados<\/h2>\n<p>A Carvoeiro Branco Lda. processa dados pessoais em conformidade com a legisla\u00e7\u00e3o de prote\u00e7\u00e3o de dados aplic\u00e1vel. Os dados pessoais ser\u00e3o armazenados e retidos apenas pelo per\u00edodo necess\u00e1rio para os fins para os quais foram recolhidos, conforme mencionado acima.<\/p>\n<p>&nbsp;<\/p>\n<h2>Divulga\u00e7\u00e3o das suas informa\u00e7\u00f5es pessoais<\/h2>\n<p>Tomamos medidas t\u00e9cnicas e organizacionais apropriadas para garantir que os dados pessoais sejam processados em conformidade com o RGPD, e podemos contratar terceiros na execu\u00e7\u00e3o dos nossos servi\u00e7os (como fornecedores de an\u00e1lises e motores de busca que nos ajudam na melhoria e optimiza\u00e7\u00e3o do nosso website), mas nunca forneceremos dados pessoais a terceiros sem a sua permiss\u00e3o pr\u00e9via e inequ\u00edvoca. A Carvoeiro Branco Lda tamb\u00e9m pode divulgar dados pessoais dos Utilizadores se for exigido por lei, decis\u00e3o da Autoridade de Prote\u00e7\u00e3o de Dados Portuguesa, decis\u00e3o judicial ou outros prop\u00f3sitos leg\u00edtimos decorrentes da lei.<\/p>\n<p>&nbsp;<\/p>\n<h2>Medidas de Seguran\u00e7a<\/h2>\n<p>A Carvoeiro Branco respeita e protege a privacidade dos seus Utilizadores e est\u00e1 comprometida em garantir a seguran\u00e7a e a confidencialidade dos dados pessoais. De acordo com a legisla\u00e7\u00e3o aplic\u00e1vel, a Carvoeiro Branco pode divulgar dados dos Utilizadores a processadores de dados para os fins delineados na Pol\u00edtica de Privacidade, sujeito a um acordo assinado com tais entidades.<\/p>\n<p>A Carvoeiro Branco implementa medidas de seguran\u00e7a rigorosas, incluindo sistemas de seguran\u00e7a, regras e procedimentos para garantir a seguran\u00e7a e a confidencialidade dos dados pessoais dos Utilizadores contra acesso n\u00e3o autorizado, uso, divulga\u00e7\u00e3o, perda ou destrui\u00e7\u00e3o. Utiliza a criptografia Secure Sockets Layer (SSL) para garantir a privacidade e seguran\u00e7a da transmiss\u00e3o de dados pela internet. No entanto, \u00e9 importante notar que, como os dados s\u00e3o transmitidos atrav\u00e9s de uma rede de internet aberta, o risco de acesso e uso n\u00e3o autorizados n\u00e3o pode ser completamente eliminado. Portanto, os Utilizadores devem implementar medidas de seguran\u00e7a apropriadas para evitar o acesso n\u00e3o autorizado a dados pessoais e palavras-passe por terceiros enquanto navegam no Website.<\/p>\n<p>&nbsp;<\/p>\n<h2>Links para Outros Websites<\/h2>\n<p>Como um recurso para os visitantes do nosso website, o nosso website pode conter links para outros websites de interesse. Uma vez que utilize esses links para sair do nosso site, deve notar que n\u00e3o temos qualquer controlo sobre esses outros websites e n\u00e3o podemos ser respons\u00e1veis pela prote\u00e7\u00e3o e privacidade de qualquer informa\u00e7\u00e3o que forne\u00e7a enquanto visita tais sites, e tais sites n\u00e3o s\u00e3o regidos por esta Declara\u00e7\u00e3o de Privacidade.<\/p>\n<p>&nbsp;<\/p>\n<h2>Reclama\u00e7\u00f5es<\/h2>\n<p>Sem preju\u00edzo de qualquer outra ac\u00e7\u00e3o administrativa ou judicial, se acreditar que o processamento dos seus dados pela Carvoeiro Branco viola o quadro legal aplic\u00e1vel, tem o direito de apresentar uma reclama\u00e7\u00e3o \u00e0 Comiss\u00e3o Nacional de Prote\u00e7\u00e3o de Dados ou outra autoridade de controlo competente, de acordo com a lei.<\/p>\n<p>&nbsp;<\/p>\n<h2>Altera\u00e7\u00f5es \u00e0 Nossa Pol\u00edtica de Privacidade<\/h2>\n<p>As informa\u00e7\u00f5es no Website, incluindo esta informa\u00e7\u00e3o legal, s\u00e3o regularmente complementadas e atualizadas. Altera\u00e7\u00f5es e aditamentos podem ser feitos a qualquer momento e com efeito imediato, sem qualquer aviso. Se fizermos altera\u00e7\u00f5es materiais a esta Pol\u00edtica, publicaremos a Pol\u00edtica atualizada no nosso website.<\/p>\n<p>&nbsp;<\/p>\n<h2>Contacte-nos<\/h2>\n<p>Se tiver quaisquer perguntas, preocupa\u00e7\u00f5es ou sugest\u00f5es sobre a nossa Pol\u00edtica de Privacidade ou as nossas pr\u00e1ticas em rela\u00e7\u00e3o \u00e0s suas informa\u00e7\u00f5es pessoais, por favor, contacte-nos em <a rel=\"noreferrer\">info@carvoeirobranco.com<\/a> ou envie por correio registado para Carvoeiro Branco Lda, Rua Jacinto Correia, Edif\u00edcio Atrium Lagoa, Loja JLM, 8400-398 Lagoa \u2013 Algarve (Portugal).<\/p>\n<p>&nbsp;<\/p>\n<h2>Data de Efic\u00e1cia<\/h2>\n<p>Esta Pol\u00edtica de Privacidade \u00e9 eficaz a partir de 1 de mar\u00e7o de 2023.<\/p>\n<p>A Carvoeiro Branco Lda. poder\u00e1 invocar os seus direitos, em caso de qualquer abuso que considere necess\u00e1rio, perante o tribunal portugu\u00eas legalmente competente.<\/p>\n<p>\u00daltima atualiza\u00e7\u00e3o: 1 de mar\u00e7o de 2023.[\/vc_column_text][\/vc_column][\/vc_row]<\/p>\n<\/div>","protected":false},"excerpt":{"rendered":"<p>[vc_row css=&#8221;.vc_custom_1718110188042{padding-top: 30px !important;}&#8221; conditional_render=&#8221;%5B%7B%22value_role%22%3A%22administrator%22%7D%5D&#8221;][vc_column][vc_column_text css=&#8221;&#8221;] Pol\u00edtica de Privacidade e Cookies da Carvoeiro Branco Lda Esta \u00e9 a Pol\u00edtica de Privacidade e Cookies da Carvoeiro Branco Lda (doravante \u201cCarvoeiro Branco\u201d, \u201cN\u00f3s\u201d ou \u201cNosso\u201d), que rege a recolha e tratamento de dados pessoais obtidos de utilizadores (doravante &#8220;Utilizador&#8221;, &#8220;Utilizadores&#8221; ou \u201cVisitante(s)\u201d) que acedem ao nosso site [&hellip;]<\/p>\n","protected":false},"author":1,"featured_media":0,"parent":0,"menu_order":0,"comment_status":"closed","ping_status":"open","template":"","meta":{"_acf_changed":false,"inline_featured_image":false,"_monsterinsights_skip_tracking":false,"_monsterinsights_sitenote_active":false,"_monsterinsights_sitenote_note":"","_monsterinsights_sitenote_category":0,"footnotes":"","_links_to":"","_links_to_target":""},"class_list":["post-3955","page","type-page","status-publish","hentry"],"acf":[],"yoast_head":"<!-- This site is optimized with the Yoast SEO Premium plugin v27.1 (Yoast SEO v27.4) - https:\/\/yoast.com\/product\/yoast-seo-premium-wordpress\/ -->\n<title>Pol\u00edtica de Privacidade e Cookies - Carvoeiro Branco<\/title>\n<meta name=\"robots\" content=\"index, follow, max-snippet:-1, max-image-preview:large, max-video-preview:-1\" \/>\n<link rel=\"canonical\" href=\"https:\/\/carvoeirobranco.com\/pt-pt\/politica-de-privacidade-e-cookies\/\" \/>\n<meta property=\"og:locale\" content=\"pt_PT\" \/>\n<meta property=\"og:type\" content=\"article\" \/>\n<meta property=\"og:title\" content=\"Pol\u00edtica de Privacidade e Cookies\" \/>\n<meta property=\"og:description\" content=\"[vc_row css=&#8221;.vc_custom_1718110188042{padding-top: 30px !important;}&#8221; conditional_render=&#8221;%5B%7B%22value_role%22%3A%22administrator%22%7D%5D&#8221;][vc_column][vc_column_text css=&#8221;&#8221;] Pol\u00edtica de Privacidade e Cookies da Carvoeiro Branco Lda Esta \u00e9 a Pol\u00edtica de Privacidade e Cookies da Carvoeiro Branco Lda (doravante \u201cCarvoeiro Branco\u201d, \u201cN\u00f3s\u201d ou \u201cNosso\u201d), que rege a recolha e tratamento de dados pessoais obtidos de utilizadores (doravante &#8220;Utilizador&#8221;, &#8220;Utilizadores&#8221; ou \u201cVisitante(s)\u201d) que acedem ao nosso site [&hellip;]\" \/>\n<meta property=\"og:url\" content=\"https:\/\/carvoeirobranco.com\/pt-pt\/politica-de-privacidade-e-cookies\/\" \/>\n<meta property=\"og:site_name\" content=\"Carvoeiro Branco\" \/>\n<meta property=\"article:modified_time\" content=\"2024-06-11T12:58:58+00:00\" \/>\n<meta name=\"twitter:card\" content=\"summary_large_image\" \/>\n<meta name=\"twitter:label1\" content=\"Tempo estimado de leitura\" \/>\n\t<meta name=\"twitter:data1\" content=\"7 minutos\" \/>\n<script type=\"application\/ld+json\" class=\"yoast-schema-graph\">{\"@context\":\"https:\\\/\\\/schema.org\",\"@graph\":[{\"@type\":\"WebPage\",\"@id\":\"https:\\\/\\\/carvoeirobranco.com\\\/pt-pt\\\/politica-de-privacidade-e-cookies\\\/\",\"url\":\"https:\\\/\\\/carvoeirobranco.com\\\/pt-pt\\\/politica-de-privacidade-e-cookies\\\/\",\"name\":\"Pol\u00edtica de Privacidade e Cookies - Carvoeiro Branco\",\"isPartOf\":{\"@id\":\"https:\\\/\\\/carvoeirobranco.com\\\/#website\"},\"datePublished\":\"2023-03-16T09:36:51+00:00\",\"dateModified\":\"2024-06-11T12:58:58+00:00\",\"breadcrumb\":{\"@id\":\"https:\\\/\\\/carvoeirobranco.com\\\/pt-pt\\\/politica-de-privacidade-e-cookies\\\/#breadcrumb\"},\"inLanguage\":\"pt-PT\",\"potentialAction\":[{\"@type\":\"ReadAction\",\"target\":[\"https:\\\/\\\/carvoeirobranco.com\\\/pt-pt\\\/politica-de-privacidade-e-cookies\\\/\"]}]},{\"@type\":\"BreadcrumbList\",\"@id\":\"https:\\\/\\\/carvoeirobranco.com\\\/pt-pt\\\/politica-de-privacidade-e-cookies\\\/#breadcrumb\",\"itemListElement\":[{\"@type\":\"ListItem\",\"position\":1,\"name\":\"Home\",\"item\":\"https:\\\/\\\/carvoeirobranco.com\\\/pt-pt\\\/\"},{\"@type\":\"ListItem\",\"position\":2,\"name\":\"Pol\u00edtica de Privacidade e Cookies\"}]},{\"@type\":\"WebSite\",\"@id\":\"https:\\\/\\\/carvoeirobranco.com\\\/#website\",\"url\":\"https:\\\/\\\/carvoeirobranco.com\\\/\",\"name\":\"Carvoeiro Branco\",\"description\":\"Developers at heart\",\"potentialAction\":[{\"@type\":\"SearchAction\",\"target\":{\"@type\":\"EntryPoint\",\"urlTemplate\":\"https:\\\/\\\/carvoeirobranco.com\\\/?s={search_term_string}\"},\"query-input\":{\"@type\":\"PropertyValueSpecification\",\"valueRequired\":true,\"valueName\":\"search_term_string\"}}],\"inLanguage\":\"pt-PT\"}]}<\/script>\n<!-- \/ Yoast SEO Premium plugin. -->","yoast_head_json":{"title":"Pol\u00edtica de Privacidade e Cookies - Carvoeiro Branco","robots":{"index":"index","follow":"follow","max-snippet":"max-snippet:-1","max-image-preview":"max-image-preview:large","max-video-preview":"max-video-preview:-1"},"canonical":"https:\/\/carvoeirobranco.com\/pt-pt\/politica-de-privacidade-e-cookies\/","og_locale":"pt_PT","og_type":"article","og_title":"Pol\u00edtica de Privacidade e Cookies","og_description":"[vc_row css=&#8221;.vc_custom_1718110188042{padding-top: 30px !important;}&#8221; conditional_render=&#8221;%5B%7B%22value_role%22%3A%22administrator%22%7D%5D&#8221;][vc_column][vc_column_text css=&#8221;&#8221;] Pol\u00edtica de Privacidade e Cookies da Carvoeiro Branco Lda Esta \u00e9 a Pol\u00edtica de Privacidade e Cookies da Carvoeiro Branco Lda (doravante \u201cCarvoeiro Branco\u201d, \u201cN\u00f3s\u201d ou \u201cNosso\u201d), que rege a recolha e tratamento de dados pessoais obtidos de utilizadores (doravante &#8220;Utilizador&#8221;, &#8220;Utilizadores&#8221; ou \u201cVisitante(s)\u201d) que acedem ao nosso site [&hellip;]","og_url":"https:\/\/carvoeirobranco.com\/pt-pt\/politica-de-privacidade-e-cookies\/","og_site_name":"Carvoeiro Branco","article_modified_time":"2024-06-11T12:58:58+00:00","twitter_card":"summary_large_image","twitter_misc":{"Tempo estimado de leitura":"7 minutos"},"schema":{"@context":"https:\/\/schema.org","@graph":[{"@type":"WebPage","@id":"https:\/\/carvoeirobranco.com\/pt-pt\/politica-de-privacidade-e-cookies\/","url":"https:\/\/carvoeirobranco.com\/pt-pt\/politica-de-privacidade-e-cookies\/","name":"Pol\u00edtica de Privacidade e Cookies - Carvoeiro Branco","isPartOf":{"@id":"https:\/\/carvoeirobranco.com\/#website"},"datePublished":"2023-03-16T09:36:51+00:00","dateModified":"2024-06-11T12:58:58+00:00","breadcrumb":{"@id":"https:\/\/carvoeirobranco.com\/pt-pt\/politica-de-privacidade-e-cookies\/#breadcrumb"},"inLanguage":"pt-PT","potentialAction":[{"@type":"ReadAction","target":["https:\/\/carvoeirobranco.com\/pt-pt\/politica-de-privacidade-e-cookies\/"]}]},{"@type":"BreadcrumbList","@id":"https:\/\/carvoeirobranco.com\/pt-pt\/politica-de-privacidade-e-cookies\/#breadcrumb","itemListElement":[{"@type":"ListItem","position":1,"name":"Home","item":"https:\/\/carvoeirobranco.com\/pt-pt\/"},{"@type":"ListItem","position":2,"name":"Pol\u00edtica de Privacidade e Cookies"}]},{"@type":"WebSite","@id":"https:\/\/carvoeirobranco.com\/#website","url":"https:\/\/carvoeirobranco.com\/","name":"Carvoeiro Branco","description":"Developers at heart","potentialAction":[{"@type":"SearchAction","target":{"@type":"EntryPoint","urlTemplate":"https:\/\/carvoeirobranco.com\/?s={search_term_string}"},"query-input":{"@type":"PropertyValueSpecification","valueRequired":true,"valueName":"search_term_string"}}],"inLanguage":"pt-PT"}]}},"_links":{"self":[{"href":"https:\/\/carvoeirobranco.com\/pt-pt\/wp-json\/wp\/v2\/pages\/3955","targetHints":{"allow":["GET"]}}],"collection":[{"href":"https:\/\/carvoeirobranco.com\/pt-pt\/wp-json\/wp\/v2\/pages"}],"about":[{"href":"https:\/\/carvoeirobranco.com\/pt-pt\/wp-json\/wp\/v2\/types\/page"}],"author":[{"embeddable":true,"href":"https:\/\/carvoeirobranco.com\/pt-pt\/wp-json\/wp\/v2\/users\/1"}],"replies":[{"embeddable":true,"href":"https:\/\/carvoeirobranco.com\/pt-pt\/wp-json\/wp\/v2\/comments?post=3955"}],"version-history":[{"count":0,"href":"https:\/\/carvoeirobranco.com\/pt-pt\/wp-json\/wp\/v2\/pages\/3955\/revisions"}],"wp:attachment":[{"href":"https:\/\/carvoeirobranco.com\/pt-pt\/wp-json\/wp\/v2\/media?parent=3955"}],"curies":[{"name":"wp","href":"https:\/\/api.w.org\/{rel}","templated":true}]}}