{"id":3302,"date":"2023-03-29T09:48:43","date_gmt":"2023-03-29T08:48:43","guid":{"rendered":"https:\/\/carvoeirobranco.com\/media\/"},"modified":"2026-04-14T14:33:53","modified_gmt":"2026-04-14T13:33:53","slug":"media","status":"publish","type":"page","link":"https:\/\/carvoeirobranco.com\/pt-pt\/media\/","title":{"rendered":"Media"},"content":{"rendered":"<div class=\"wpb-content-wrapper\"><p>[vc_row css=&#8221;.vc_custom_1680106496970{margin-top: 50px !important;}&#8221; conditional_render=&#8221;%5B%7B%22value_role%22%3A%22administrator%22%7D%5D&#8221;][vc_column][vc_column_text css=&#8221;.vc_custom_1776173615277{margin-bottom: 50px !important;}&#8221; css_params=&#8221;&#8221;]<\/p>\n<h1><span style=\"color: #2b2926;\">Descubra a Nossa <span style=\"color: #e47126;\">Plataforma Multim\u00e9dia<\/span><\/span><\/h1>\n<p>Os projetos da Carvoeiro Branco t\u00eam sido destaque em publica\u00e7\u00f5es como Idealista, Sapo Not\u00edcias, NiT e Jornal de Neg\u00f3cios, refletindo o impacto e a credibilidade do nosso trabalho. Cada men\u00e7\u00e3o \u00e9 um testemunho da nossa dedica\u00e7\u00e3o \u00e0 inova\u00e7\u00e3o e cria\u00e7\u00e3o de valor no setor imobili\u00e1rio portugu\u00eas.<\/p>\n<p>Nesta sec\u00e7\u00e3o reunimos as principais not\u00edcias, artigos e destaques de comunica\u00e7\u00e3o sobre os nossos empreendimentos, parcerias e vis\u00e3o para o futuro do desenvolvimento imobili\u00e1rio em Portugal.[\/vc_column_text][porto_tb_posts post_type=&#8221;post&#8221; order=&#8221;ASC&#8221; spacing=&#8221;15&#8243; columns=&#8221;5&#8243; columns_tablet=&#8221;3&#8243; columns_mobile=&#8221;1&#8243; pagination_style=&#8221;infinite&#8221; category_filter=&#8221;true&#8221; image_size=&#8221;full&#8221; filter_align=&#8221;flex-start&#8221; filter_normal_color=&#8221;#e47126&#8243; filter_active_bgc=&#8221;#ffffff&#8221; filter_active_color=&#8221;#2b2926&#8243; filter_spacing=&#8221;35&#8243; filter_typography=&#8221;{&#8220;family&#8220;:&#8220;Montserrat&#8220;,&#8220;variant&#8220;:&#8220;Default&#8220;,&#8220;font_size&#8220;:&#8220;&#8220;,&#8220;line_height&#8220;:&#8220;&#8220;,&#8220;letter_spacing&#8220;:&#8220;&#8220;,&#8220;text_transform&#8220;:&#8220;&#8220;}&#8221; count=&#8221;-1&#8243; post_terms=&#8221;49,50,51,52,53,59&#8243; builder_id=&#8221;1436&#8243; css_params=&#8221;&#8221;][\/vc_column][\/vc_row][vc_row][vc_column]<div class=\"porto-block\" data-id=\"3252\"><style>.vc_custom_1707988446039{margin-top: 50px !important;margin-bottom: 0px !important;padding-right: 0px !important;padding-bottom: 0px !important;background: #f5f2f2 url(https:\/\/carvoeirobranco.com\/wp-content\/uploads\/2023\/03\/fundo-cinza.png?id=155) !important;background-position: 0 0 !important;background-repeat: no-repeat !important;}.vc_custom_1679409730572{margin-top: 0px !important;margin-bottom: 0px !important;padding-top: 0px !important;padding-bottom: 50px !important;background-color: #f5f2f2 !important;background-position: 0 0 !important;background-repeat: no-repeat !important;}.vc_custom_1682622459291{margin-bottom: 0px !important;}.vc_custom_1773245710997{margin-bottom: 0px !important;padding-top: 100px !important;padding-right: 50px !important;padding-bottom: 100px !important;padding-left: 50px !important;background-color: #66665c !important;}.vc_custom_1685455456355{margin-bottom: 0px !important;padding-bottom: 0px !important;}div.caixas-cinza {\n    display: flex;\n    align-items: center;\n}\n\n.send-button {\n    background: #e47126 !important; \n    padding:10px 45px !important; \n    color: #fff !important;\n    border: none !important;\n}\n\n.wpforms-field-label {\n    font-weight: 400 !important;\n    font-size: 14px !important;\n}\n\n#wpforms-3256 {\n    margin: 10px auto !important;\n}\n\n#wpforms-3256-field_1 {\n    border-top: none; \n    border-left: none; \n    border-right: none;\n    background: none;\n}\n\n#wpforms-3256-field_2 {\n    border-top: none; \n    border-left: none; \n    border-right: none;\n    background: none;\n}\n\n#wpforms-3256-field_3 {\n    border-top: none; \n    border-left: none; \n    border-right: none;\n    background: none;\n}\n\n#wpforms-3256-field_6 {\n    border-top: none; \n    border-left: none; \n    border-right: none;\n    background: none;\n}\n\n#wpforms-3256-field_8 {\n    border-top: none; \n    border-left: none; \n    border-right: none;\n    background: none;\n}\n\n#wpforms-3256-field_9 {\n    border-top: none; \n    border-left: none; \n    border-right: none;\n    background: none;\n}\n\n.wpforms-field-label-inline {\n    font-size: 14px !important;\n}\n\n.wpforms-container-full .wpforms-form ul li:last-of-type {\n    padding-bottom:25px !important;\n}\n\n.wpforms-container-full .wpforms-form textarea.wpforms-field-large {\n    height: 80px !important;\n}\n\n.wpforms-container-full .wpforms-form .wpforms-field {\n    padding: 5px 0 !important;\n}\n\n.wpforms-required-label {\n    color: #e47126 !important;\n}<\/style><p>[vc_row full_width=\"stretch_row\" wrap_container=\"yes\" css=\".vc_custom_1707988446039{margin-top: 50px !important;margin-bottom: 0px !important;padding-right: 0px !important;padding-bottom: 0px !important;background: #f5f2f2 url(https:\/\/carvoeirobranco.com\/wp-content\/uploads\/2023\/03\/fundo-cinza.png?id=155) !important;background-position: 0 0 !important;background-repeat: no-repeat !important;}\" conditional_render=\"%5B%7B%22value_role%22%3A%22administrator%22%7D%5D\" el_class=\"get-in-touch\"][vc_column width=\"1\/2\" conditional_render=\"%5B%7B%22value_role%22%3A%22administrator%22%7D%5D\" css=\".vc_custom_1682622459291{margin-bottom: 0px !important;}\"][vc_column_text css=\".vc_custom_1773245710997{margin-bottom: 0px !important;padding-top: 100px !important;padding-right: 50px !important;padding-bottom: 100px !important;padding-left: 50px !important;background-color: #66665c !important;}\" css_params=\"\"]<\/p>\n<h2><span style=\"font-size: 50px; color: #ffffff;\">ENTRE EM CONTACTO <\/span><br \/>\n<span style=\"font-size: 40px; color: #ffffff;\">connosco<\/span><\/h2>\n<p>&nbsp;<\/p>\n<p><span style=\"color: #ffffff;\"><strong>Para mais informa\u00e7\u00f5es<\/strong>, entre em contacto ou preencha o formul\u00e1rio. A nossa equipa ter\u00e1 todo o gosto em acompanh\u00e1-lo na concretiza\u00e7\u00e3o do seu investimento imobili\u00e1rio no Algarve.<\/span><\/p>\n<p><span style=\"color: #ffffff;\">Email: <a style=\"color: #ffffff;\" href=\"mailto:info@carvoeirobranco.com\">info@carvoeirobranco.com<\/a><br \/>\nPhone: <a style=\"color: #ffffff;\" href=\"tel:+351 917 498 714\">(+351) <strong>917 498 714<\/strong><\/a><\/span><br \/>\n<span style=\"font-size: 12px; color: #ffffff;\">(Chamada para rede m\u00f3vel nacional)<\/span>[\/vc_column_text][\/vc_column][vc_column width=\"1\/2\" conditional_render=\"%5B%7B%22value_role%22%3A%22administrator%22%7D%5D\"][vc_empty_space height=\"100px\" el_class=\"vc_hidden-xs\"][vc_empty_space height=\"50px\" el_class=\"vc_hidden-lg vc_hidden-md vc_hidden-sm\"]<div class=\"wpforms-container wpforms-container-full\" id=\"wpforms-3256\"><form id=\"wpforms-form-3256\" class=\"wpforms-validate wpforms-form wpforms-ajax-form\" data-formid=\"3256\" method=\"post\" enctype=\"multipart\/form-data\" action=\"\/pt-pt\/wp-json\/wp\/v2\/pages\/3302\" data-token=\"2c8e52e1a3395940278538ad472f3ff3\"><noscript class=\"wpforms-error-noscript\">Please enable JavaScript in your browser to complete this form.<\/noscript><div class=\"wpforms-field-container\"><div id=\"wpforms-3256-field_11-container\" class=\"wpforms-field wpforms-field-hidden\" data-field-id=\"11\"><input type=\"hidden\" id=\"wpforms-3256-field_11\" name=\"wpforms[fields][11]\"><\/div><div id=\"wpforms-3256-field_4-container\" class=\"wpforms-field wpforms-field-layout\" data-field-id=\"4\"><label class=\"wpforms-field-label wpforms-label-hide\" for=\"wpforms-3256-field_4\">Layout<\/label><div class=\"wpforms-field-layout-columns wpforms-field-layout-preset-50-50\"><div class=\"wpforms-layout-column wpforms-layout-column-50\"><div id=\"wpforms-3256-field_1-container\" class=\"wpforms-field wpforms-field-name\" data-field-id=\"1\"><label class=\"wpforms-field-label\" for=\"wpforms-3256-field_1\">Primeiro Nome <span class=\"wpforms-required-label\">*<\/span><\/label><input type=\"text\" id=\"wpforms-3256-field_1\" class=\"wpforms-field-large wpforms-field-required\" name=\"wpforms[fields][1]\" required><\/div><\/div><div class=\"wpforms-layout-column wpforms-layout-column-50\"><div id=\"wpforms-3256-field_3-container\" class=\"wpforms-field wpforms-field-name\" data-field-id=\"3\"><label class=\"wpforms-field-label\" for=\"wpforms-3256-field_3\">Apelido <span class=\"wpforms-required-label\">*<\/span><\/label><input type=\"text\" id=\"wpforms-3256-field_3\" class=\"wpforms-field-large wpforms-field-required\" name=\"wpforms[fields][3]\" required><\/div><\/div><\/div><\/div><div id=\"wpforms-3256-field_5-container\" class=\"wpforms-field wpforms-field-layout\" data-field-id=\"5\"><label class=\"wpforms-field-label wpforms-label-hide\" for=\"wpforms-3256-field_5\">Layout<\/label><div class=\"wpforms-field-layout-columns wpforms-field-layout-preset-50-50\"><div class=\"wpforms-layout-column wpforms-layout-column-50\"><div id=\"wpforms-3256-field_2-container\" class=\"wpforms-field wpforms-field-email\" data-field-id=\"2\"><label class=\"wpforms-field-label\" for=\"wpforms-3256-field_2\">Email <span class=\"wpforms-required-label\">*<\/span><\/label><input type=\"email\" id=\"wpforms-3256-field_2\" class=\"wpforms-field-medium wpforms-field-required\" name=\"wpforms[fields][2]\" spellcheck=\"false\" required><\/div><\/div><div class=\"wpforms-layout-column wpforms-layout-column-50\"><div id=\"wpforms-3256-field_6-container\" class=\"wpforms-field wpforms-field-phone\" data-field-id=\"6\"><label class=\"wpforms-field-label\" for=\"wpforms-3256-field_6\">N\u00ba Telefone<\/label><input type=\"tel\" id=\"wpforms-3256-field_6\" class=\"wpforms-field-medium wpforms-smart-phone-field\" data-rule-smart-phone-field=\"true\" name=\"wpforms[fields][6]\" ><\/div><\/div><\/div><\/div><div id=\"wpforms-3256-field_7-container\" class=\"wpforms-field wpforms-field-layout\" data-field-id=\"7\"><label class=\"wpforms-field-label wpforms-label-hide\" for=\"wpforms-3256-field_7\">Layout<\/label><div class=\"wpforms-field-layout-columns wpforms-field-layout-preset-50-50\"><div class=\"wpforms-layout-column wpforms-layout-column-50\"><div id=\"wpforms-3256-field_8-container\" class=\"wpforms-field wpforms-field-text\" data-field-id=\"8\"><label class=\"wpforms-field-label\" for=\"wpforms-3256-field_8\">Nacionalidade<\/label><input type=\"text\" id=\"wpforms-3256-field_8\" class=\"wpforms-field-medium\" name=\"wpforms[fields][8]\" ><\/div><\/div><div class=\"wpforms-layout-column wpforms-layout-column-50\"><\/div><\/div><\/div><div id=\"wpforms-3256-field_9-container\" class=\"wpforms-field wpforms-field-textarea\" data-field-id=\"9\"><label class=\"wpforms-field-label\" for=\"wpforms-3256-field_9\">Mensagem<\/label><textarea id=\"wpforms-3256-field_9\" class=\"wpforms-field-large\" name=\"wpforms[fields][9]\" ><\/textarea><\/div><div id=\"wpforms-3256-field_10-container\" class=\"wpforms-field wpforms-field-gdpr-checkbox\" data-field-id=\"10\"><label class=\"wpforms-field-label wpforms-label-hide\" for=\"wpforms-3256-field_10\">Contrato RGPD <span class=\"wpforms-required-label\">*<\/span><\/label><ul id=\"wpforms-3256-field_10\" class=\"wpforms-field-required\"><li class=\"choice-1\"><input type=\"checkbox\" id=\"wpforms-3256-field_10_1\" name=\"wpforms[fields][10][]\" value=\"Ao selecionar esta caixa de verifica\u00e7\u00e3o, declara que leu e compreendeu a nossa Pol\u00edtica de Prote\u00e7\u00e3o de Dados, e consente com os nossos Termos e Condi\u00e7\u00f5es.\" required ><label class=\"wpforms-field-label-inline\" for=\"wpforms-3256-field_10_1\">Ao selecionar esta caixa de verifica\u00e7\u00e3o, declara que leu e compreendeu a nossa Pol\u00edtica de Prote\u00e7\u00e3o de Dados, e consente com os nossos Termos e Condi\u00e7\u00f5es. <span class=\"wpforms-required-label\">*<\/span><\/label><\/li><\/ul><\/div><\/div><!-- .wpforms-field-container --><div class=\"wpforms-recaptcha-container wpforms-is-recaptcha wpforms-is-recaptcha-type-v3\" ><input type=\"hidden\" name=\"wpforms[recaptcha]\" value=\"\"><\/div><div class=\"wpforms-submit-container\" ><input type=\"hidden\" name=\"wpforms[id]\" value=\"3256\"><input type=\"hidden\" name=\"wpforms[author]\" value=\"1\"><button type=\"submit\" name=\"wpforms[submit]\" id=\"wpforms-submit-3256\" class=\"wpforms-submit send-button\" data-alt-text=\"A Enviar...\" data-submit-text=\"Enviar\" aria-live=\"assertive\" value=\"wpforms-submit\">Enviar<\/button><img decoding=\"async\" src=\"https:\/\/carvoeirobranco.com\/wp-content\/plugins\/wpforms\/assets\/images\/submit-spin.svg\" class=\"wpforms-submit-spinner\" style=\"display: none;\" width=\"26\" height=\"26\" alt=\"Loading\"><\/div><\/form><\/div>  <!-- .wpforms-container -->[vc_column_text css=\".vc_custom_1685455456355{margin-bottom: 0px !important;padding-bottom: 0px !important;}\"]<span style=\"font-size: 12px;\">Este site \u00e9 protegido pela reCAPTCHA e aplicam-se a\u00a0<a href=\"#\">Pol\u00edtica de Privacidade<\/a>\u00a0e os\u00a0<a href=\"#\">Termos de Servi\u00e7o<\/a>\u00a0da Google.<\/span><\/p>\n<p><span style=\"font-size: 12px;\">\u00a0<\/span>[\/vc_column_text][\/vc_column][\/vc_row][vc_row full_width=\"stretch_row\" wrap_container=\"yes\" css=\".vc_custom_1679409730572{margin-top: 0px !important;margin-bottom: 0px !important;padding-top: 0px !important;padding-bottom: 50px !important;background-color: #f5f2f2 !important;background-position: 0 0 !important;background-repeat: no-repeat !important;}\" conditional_render=\"%5B%7B%22value_role%22%3A%22administrator%22%7D%5D\"][vc_column conditional_render=\"%5B%7B%22value_role%22%3A%22administrator%22%7D%5D\"][\/vc_column][\/vc_row]<\/p>\n<\/div><div class=\"porto-block\" data-id=\"3251\"><style>.vc_custom_1754403670392{margin-top: 0px !important;margin-bottom: 0px !important;padding-top: 50px !important;padding-bottom: 10px !important;background-color: #66665c !important;}<\/style>[vc_row full_width=\"stretch_row_content\" wrap_container=\"yes\" css=\".vc_custom_1754403670392{margin-top: 0px !important;margin-bottom: 0px !important;padding-top: 50px !important;padding-bottom: 10px !important;background-color: #66665c !important;}\" conditional_render=\"%5B%7B%22value_role%22%3A%22administrator%22%7D%5D\" css_params=\"\"][vc_column]<div class=\"porto-u-heading  wpb_custom_95aa9a11c17ad45cfabaf210d84ee7cc porto-u-55ca8359258f9a412be7e73af65d2aac \"><div class=\"porto-u-main-heading\"><h2   style=\"color:#ffffff;margin-bottom: 5px;\">Em Colabora\u00e7\u00e3o pela Excel\u00eancia<\/h2><\/div><div class=\"porto-u-sub-heading\" style=\"color: #ffffff;margin-bottom:25px;\">Conhe\u00e7a os nossos parceiros e projetos<\/div><style>.porto-u-55ca8359258f9a412be7e73af65d2aac.porto-u-heading{text-align:center}<\/style><\/div><div id=\"porto-carousel-39391011469e8ba643f7c0\" class=\"porto-carousel-wrapper\" data-gutter=\"15\" data-rtl=\"false\" ><div class=\"porto-ultimate-carousel porto-carousel-39256503669e8ba643f75f \" >[vc_single_image image=\"135\" img_size=\"full\"][vc_single_image image=\"6241\" img_size=\"full\" css=\"\" css_params=\"\"][vc_single_image image=\"138\" img_size=\"full\"][vc_single_image image=\"139\" img_size=\"full\"][vc_single_image image=\"141\" img_size=\"full\"][vc_single_image image=\"2356\" img_size=\"full\"][vc_single_image image=\"2357\" img_size=\"full\"][vc_single_image image=\"2358\" img_size=\"full\"][vc_single_image image=\"2359\" img_size=\"full\"][vc_single_image image=\"2612\" img_size=\"full\" onclick=\"custom_link\" img_link_target=\"_blank\" link=\"https:\/\/www.webmax.pt\/pt\"][vc_single_image image=\"2611\" img_size=\"full\" onclick=\"custom_link\" img_link_target=\"_blank\" link=\"https:\/\/hagsdesign.com\/\"][vc_single_image image=\"2360\" img_size=\"full\"][vc_single_image image=\"2362\" img_size=\"full\"][vc_single_image image=\"2363\" img_size=\"full\"][vc_single_image image=\"2364\" img_size=\"full\"][vc_single_image image=\"2365\" img_size=\"full\"][vc_single_image image=\"2366\" img_size=\"full\"][vc_single_image image=\"2367\" img_size=\"full\"][vc_single_image image=\"2368\" img_size=\"full\"][vc_single_image image=\"2369\" img_size=\"full\"][vc_single_image image=\"6225\" img_size=\"full\" css=\"\" css_params=\"\"][vc_single_image image=\"6227\" img_size=\"full\" css=\"\" css_params=\"\"][vc_single_image image=\"6229\" img_size=\"full\" css=\"\" css_params=\"\"][vc_single_image image=\"6231\" img_size=\"full\" css=\"\" css_params=\"\"][vc_single_image image=\"6233\" img_size=\"full\" css=\"\" css_params=\"\"][vc_single_image image=\"6235\" img_size=\"full\" css=\"\" css_params=\"\"][vc_single_image image=\"6237\" img_size=\"full\" css=\"\" css_params=\"\"][vc_single_image image=\"6239\" img_size=\"full\" css=\"\" css_params=\"\"]<\/div><\/div><script type=\"text\/javascript\" id=\"ultimate-carousel\">\r\n\t(function(){\r\n\t\tvar porto_inc_slick_js = function() {\r\n\t\t\t( function( $ ) {\r\n\t\t\t\tif ( $.fn.slick ) {\r\n\t\t\t\t\t$('.porto-carousel-39256503669e8ba643f75f').slick({dots: false,autoplay: true,autoplaySpeed: 5000,speed: 300,infinite: true,arrows: true,nextArrow: '<button type=\"button\" role=\"button\" aria-label=\"Next\" style=\"color:#ffffff; font-size:14px;\" class=\"slick-next default\"><i class=\"fas fa-chevron-right\"><\/i><\/button>',prevArrow: '<button type=\"button\" role=\"button\" aria-label=\"Previous\" style=\"color:#ffffff; font-size:14px;\" class=\"slick-prev default\"><i class=\"fas fa-chevron-left\"><\/i><\/button>',slidesToScroll:1,slidesToShow:6,swipe: true,draggable: true,touchMove: true,pauseOnHover: true,responsive: [\r\n\t\t\t\t{\r\n\t\t\t\t  breakpoint: 1025,\r\n\t\t\t\t  settings: {\r\n\t\t\t\t\tslidesToShow: 6,\r\n\t\t\t\t\tslidesToScroll: 1,  \r\n\t\t\t\t  }\r\n\t\t\t\t},\r\n\t\t\t\t{\r\n\t\t\t\t  breakpoint: 769,\r\n\t\t\t\t  settings: {\r\n\t\t\t\t\tslidesToShow: 4,\r\n\t\t\t\t\tslidesToScroll: 4\r\n\t\t\t\t  }\r\n\t\t\t\t},\r\n\t\t\t\t{\r\n\t\t\t\t  breakpoint: 481,\r\n\t\t\t\t  settings: {\r\n\t\t\t\t\tslidesToShow: 2,\r\n\t\t\t\t\tslidesToScroll: 2\r\n\t\t\t\t  }\r\n\t\t\t\t}\r\n\t\t\t],pauseOnDotsHover: true,customPaging: function(slider, i) {\r\n\t   return '<i type=\"button\" style=\"color:#333333;\" class=\"far fa-circle\" data-role=\"none\"><\/i>';\r\n\t},});\r\n\t\t\t\t} else {\r\n\t\t\t\t\t\t\t\t}\r\n\t\t\t} )( jQuery );\r\n\t\t};\r\n\r\n\t\tif ( window.theme && theme.isLoaded ) {\r\n\t\t\tporto_inc_slick_js();\r\n\t\t} else {\r\n\t\t\twindow.addEventListener( 'load', porto_inc_slick_js );\r\n\t\t}\r\n\t})();\r\n<\/script>\r\n[\/vc_column][\/vc_row]<\/div>[\/vc_column][\/vc_row]<\/p>\n<\/div>","protected":false},"excerpt":{"rendered":"<p>[vc_row css=&#8221;.vc_custom_1680106496970{margin-top: 50px !important;}&#8221; conditional_render=&#8221;%5B%7B%22value_role%22%3A%22administrator%22%7D%5D&#8221;][vc_column][vc_column_text css=&#8221;.vc_custom_1776173615277{margin-bottom: 50px !important;}&#8221; css_params=&#8221;&#8221;] Descubra a Nossa Plataforma Multim\u00e9dia Os projetos da Carvoeiro Branco t\u00eam sido destaque em publica\u00e7\u00f5es como Idealista, Sapo Not\u00edcias, NiT e Jornal de Neg\u00f3cios, refletindo o impacto e a credibilidade do nosso trabalho. Cada men\u00e7\u00e3o \u00e9 um testemunho da nossa dedica\u00e7\u00e3o \u00e0 inova\u00e7\u00e3o e cria\u00e7\u00e3o de [&hellip;]<\/p>\n","protected":false},"author":1,"featured_media":0,"parent":0,"menu_order":0,"comment_status":"closed","ping_status":"closed","template":"","meta":{"_acf_changed":false,"inline_featured_image":false,"_monsterinsights_skip_tracking":false,"_monsterinsights_sitenote_active":false,"_monsterinsights_sitenote_note":"","_monsterinsights_sitenote_category":0,"footnotes":"","_links_to":"","_links_to_target":""},"class_list":["post-3302","page","type-page","status-publish","hentry"],"acf":[],"yoast_head":"<!-- This site is optimized with the Yoast SEO Premium plugin v27.1 (Yoast SEO v27.4) - https:\/\/yoast.com\/product\/yoast-seo-premium-wordpress\/ -->\n<title>Media | Carvoeiro Branco na Imprensa e Comunica\u00e7\u00e3o<\/title>\n<meta name=\"description\" content=\"Explore a presen\u00e7a medi\u00e1tica da Carvoeiro Branco. Veja not\u00edcias, entrevistas e artigos sobre os nossos projetos imobili\u00e1rios.\" \/>\n<meta name=\"robots\" content=\"index, follow, max-snippet:-1, max-image-preview:large, max-video-preview:-1\" \/>\n<link rel=\"canonical\" href=\"https:\/\/carvoeirobranco.com\/pt-pt\/media\/\" \/>\n<meta property=\"og:locale\" content=\"pt_PT\" \/>\n<meta property=\"og:type\" content=\"article\" \/>\n<meta property=\"og:title\" content=\"Media\" \/>\n<meta property=\"og:description\" content=\"Explore a presen\u00e7a medi\u00e1tica da Carvoeiro Branco. Veja not\u00edcias, entrevistas e artigos sobre os nossos projetos imobili\u00e1rios.\" \/>\n<meta property=\"og:url\" content=\"https:\/\/carvoeirobranco.com\/pt-pt\/media\/\" \/>\n<meta property=\"og:site_name\" content=\"Carvoeiro Branco\" \/>\n<meta property=\"article:modified_time\" content=\"2026-04-14T13:33:53+00:00\" \/>\n<meta name=\"twitter:card\" content=\"summary_large_image\" \/>\n<meta name=\"twitter:label1\" content=\"Tempo estimado de leitura\" \/>\n\t<meta name=\"twitter:data1\" content=\"1 minuto\" \/>\n<script type=\"application\/ld+json\" class=\"yoast-schema-graph\">{\"@context\":\"https:\\\/\\\/schema.org\",\"@graph\":[{\"@type\":\"WebPage\",\"@id\":\"https:\\\/\\\/carvoeirobranco.com\\\/pt-pt\\\/media\\\/\",\"url\":\"https:\\\/\\\/carvoeirobranco.com\\\/pt-pt\\\/media\\\/\",\"name\":\"Media | Carvoeiro Branco na Imprensa e Comunica\u00e7\u00e3o\",\"isPartOf\":{\"@id\":\"https:\\\/\\\/carvoeirobranco.com\\\/#website\"},\"datePublished\":\"2023-03-29T08:48:43+00:00\",\"dateModified\":\"2026-04-14T13:33:53+00:00\",\"description\":\"Explore a presen\u00e7a medi\u00e1tica da Carvoeiro Branco. Veja not\u00edcias, entrevistas e artigos sobre os nossos projetos imobili\u00e1rios.\",\"breadcrumb\":{\"@id\":\"https:\\\/\\\/carvoeirobranco.com\\\/pt-pt\\\/media\\\/#breadcrumb\"},\"inLanguage\":\"pt-PT\",\"potentialAction\":[{\"@type\":\"ReadAction\",\"target\":[\"https:\\\/\\\/carvoeirobranco.com\\\/pt-pt\\\/media\\\/\"]}]},{\"@type\":\"BreadcrumbList\",\"@id\":\"https:\\\/\\\/carvoeirobranco.com\\\/pt-pt\\\/media\\\/#breadcrumb\",\"itemListElement\":[{\"@type\":\"ListItem\",\"position\":1,\"name\":\"Home\",\"item\":\"https:\\\/\\\/carvoeirobranco.com\\\/pt-pt\\\/\"},{\"@type\":\"ListItem\",\"position\":2,\"name\":\"Media\"}]},{\"@type\":\"WebSite\",\"@id\":\"https:\\\/\\\/carvoeirobranco.com\\\/#website\",\"url\":\"https:\\\/\\\/carvoeirobranco.com\\\/\",\"name\":\"Carvoeiro Branco\",\"description\":\"Developers at heart\",\"potentialAction\":[{\"@type\":\"SearchAction\",\"target\":{\"@type\":\"EntryPoint\",\"urlTemplate\":\"https:\\\/\\\/carvoeirobranco.com\\\/?s={search_term_string}\"},\"query-input\":{\"@type\":\"PropertyValueSpecification\",\"valueRequired\":true,\"valueName\":\"search_term_string\"}}],\"inLanguage\":\"pt-PT\"}]}<\/script>\n<!-- \/ Yoast SEO Premium plugin. -->","yoast_head_json":{"title":"Media | Carvoeiro Branco na Imprensa e Comunica\u00e7\u00e3o","description":"Explore a presen\u00e7a medi\u00e1tica da Carvoeiro Branco. Veja not\u00edcias, entrevistas e artigos sobre os nossos projetos imobili\u00e1rios.","robots":{"index":"index","follow":"follow","max-snippet":"max-snippet:-1","max-image-preview":"max-image-preview:large","max-video-preview":"max-video-preview:-1"},"canonical":"https:\/\/carvoeirobranco.com\/pt-pt\/media\/","og_locale":"pt_PT","og_type":"article","og_title":"Media","og_description":"Explore a presen\u00e7a medi\u00e1tica da Carvoeiro Branco. Veja not\u00edcias, entrevistas e artigos sobre os nossos projetos imobili\u00e1rios.","og_url":"https:\/\/carvoeirobranco.com\/pt-pt\/media\/","og_site_name":"Carvoeiro Branco","article_modified_time":"2026-04-14T13:33:53+00:00","twitter_card":"summary_large_image","twitter_misc":{"Tempo estimado de leitura":"1 minuto"},"schema":{"@context":"https:\/\/schema.org","@graph":[{"@type":"WebPage","@id":"https:\/\/carvoeirobranco.com\/pt-pt\/media\/","url":"https:\/\/carvoeirobranco.com\/pt-pt\/media\/","name":"Media | Carvoeiro Branco na Imprensa e Comunica\u00e7\u00e3o","isPartOf":{"@id":"https:\/\/carvoeirobranco.com\/#website"},"datePublished":"2023-03-29T08:48:43+00:00","dateModified":"2026-04-14T13:33:53+00:00","description":"Explore a presen\u00e7a medi\u00e1tica da Carvoeiro Branco. Veja not\u00edcias, entrevistas e artigos sobre os nossos projetos imobili\u00e1rios.","breadcrumb":{"@id":"https:\/\/carvoeirobranco.com\/pt-pt\/media\/#breadcrumb"},"inLanguage":"pt-PT","potentialAction":[{"@type":"ReadAction","target":["https:\/\/carvoeirobranco.com\/pt-pt\/media\/"]}]},{"@type":"BreadcrumbList","@id":"https:\/\/carvoeirobranco.com\/pt-pt\/media\/#breadcrumb","itemListElement":[{"@type":"ListItem","position":1,"name":"Home","item":"https:\/\/carvoeirobranco.com\/pt-pt\/"},{"@type":"ListItem","position":2,"name":"Media"}]},{"@type":"WebSite","@id":"https:\/\/carvoeirobranco.com\/#website","url":"https:\/\/carvoeirobranco.com\/","name":"Carvoeiro Branco","description":"Developers at heart","potentialAction":[{"@type":"SearchAction","target":{"@type":"EntryPoint","urlTemplate":"https:\/\/carvoeirobranco.com\/?s={search_term_string}"},"query-input":{"@type":"PropertyValueSpecification","valueRequired":true,"valueName":"search_term_string"}}],"inLanguage":"pt-PT"}]}},"_links":{"self":[{"href":"https:\/\/carvoeirobranco.com\/pt-pt\/wp-json\/wp\/v2\/pages\/3302","targetHints":{"allow":["GET"]}}],"collection":[{"href":"https:\/\/carvoeirobranco.com\/pt-pt\/wp-json\/wp\/v2\/pages"}],"about":[{"href":"https:\/\/carvoeirobranco.com\/pt-pt\/wp-json\/wp\/v2\/types\/page"}],"author":[{"embeddable":true,"href":"https:\/\/carvoeirobranco.com\/pt-pt\/wp-json\/wp\/v2\/users\/1"}],"replies":[{"embeddable":true,"href":"https:\/\/carvoeirobranco.com\/pt-pt\/wp-json\/wp\/v2\/comments?post=3302"}],"version-history":[{"count":0,"href":"https:\/\/carvoeirobranco.com\/pt-pt\/wp-json\/wp\/v2\/pages\/3302\/revisions"}],"wp:attachment":[{"href":"https:\/\/carvoeirobranco.com\/pt-pt\/wp-json\/wp\/v2\/media?parent=3302"}],"curies":[{"name":"wp","href":"https:\/\/api.w.org\/{rel}","templated":true}]}}