{"id":3297,"date":"2023-04-19T11:06:22","date_gmt":"2023-04-19T10:06:22","guid":{"rendered":"https:\/\/carvoeirobranco.com\/contacts\/"},"modified":"2026-04-14T12:15:08","modified_gmt":"2026-04-14T11:15:08","slug":"contactos","status":"publish","type":"page","link":"https:\/\/carvoeirobranco.com\/pt-pt\/contactos\/","title":{"rendered":"Contactos"},"content":{"rendered":"<div class=\"wpb-content-wrapper\"><p>[vc_row css=&#8221;.vc_custom_1680105122358{margin-top: 50px !important;}&#8221; conditional_render=&#8221;%5B%7B%22value_role%22%3A%22administrator%22%7D%5D&#8221;][vc_column width=&#8221;2\/3&#8243;]<div class=\"porto-u-heading  wpb_custom_95aa9a11c17ad45cfabaf210d84ee7cc porto-u-ad87e2eaf3f9c495180fe0156ddf3eb0 \"><style>.porto-u-ad87e2eaf3f9c495180fe0156ddf3eb0.porto-u-heading{text-align:left}<\/style><\/div>[vc_column_text css=&#8221;&#8221; css_params=&#8221;&#8221;]A Carvoeiro Branco est\u00e1 sediada em <strong>Lagoa, Algarve<\/strong>, e disp\u00f5e de uma equipa pronta a acompanh\u00e1-lo em todas as etapas do seu projeto imobili\u00e1rio, desde a aquisi\u00e7\u00e3o e financiamento at\u00e9 \u00e0 gest\u00e3o de investimento.<\/p>\n<p>Trabalhamos em estreita colabora\u00e7\u00e3o com <strong>parceiros estrat\u00e9gicos<\/strong> e <strong>institui\u00e7\u00f5es financeiras<\/strong>, garantindo um atendimento personalizado e solu\u00e7\u00f5es adequadas a cada cliente.<\/p>\n<p>&nbsp;<\/p>\n<h2><span style=\"color: #e47126;\">Sede e Escrit\u00f3rios<\/span><\/h2>\n<p><span style=\"color: #2b2926;\"><strong>Carvoeiro Branco | Promotor Imobili\u00e1rio<\/strong><\/span><br \/>\nRua Jacinto Correia, Bloco A, Loja JLM<br \/>\nEdif\u00edcio Atrium Lagoa<br \/>\n8400-398 Lagoa (Algarve)<br \/>\nEmail:\u00a0<a href=\"mailto:info@carvoeirobranco.com\">info@carvoeirobranco.com<\/a><br \/>\nTelefone: <a href=\"tel:(+351) 917 498 714\">(+351) 917 498 714<\/a> (Chamada para rede m\u00f3vel nacional)<\/p>\n<p>&nbsp;<\/p>\n<h2><span style=\"color: #e47126;\">Localiza\u00e7\u00e3o<\/span><\/h2>\n<p>A nossa sede est\u00e1 localizada no cora\u00e7\u00e3o de <strong>Lagoa<\/strong>, uma das regi\u00f5es mais din\u00e2micas do mercado imobili\u00e1rio do Algarve, com f\u00e1cil acesso a <strong>Portim\u00e3o<\/strong>, <strong>Carvoeiro<\/strong> e <strong>Ferragudo<\/strong>.<br \/>\nRecebemos clientes nacionais e internacionais que procuram <strong>investir, viver ou desenvolver projetos na regi\u00e3o.<\/strong><\/p>\n<p>&nbsp;<\/p>\n<h2><span style=\"color: #e47126;\">Parceiros<\/span><\/h2>\n<p><span style=\"color: #2b2926;\"><strong>Antrix | Promotor Imobili\u00e1rio (Empresa Irm\u00e3)<\/strong><\/span><br \/>\nRua Jacinto Correia, Bloco A, Loja JLM<br \/>\nEdif\u00edcio Atrium Lagoa<br \/>\n8400-398 Lagoa (Algarve)<br \/>\nEmail:\u00a0<a href=\"mailto:info@antrix.pt\">info@antrix.pt<\/a><br \/>\nTelefone: <a href=\"tel: (+351) 917 498 714\">(+351) 917 498 714<\/a> (Chamada para rede m\u00f3vel nacional)<br \/>\nWebsite: <a href=\"http:\/\/www.antrix.pt\">www.antrix.pt<\/a><\/p>\n<p><span style=\"color: #2b2926;\"><strong>BRANCO. Real Estate | Ag\u00eancia Imobili\u00e1ria<\/strong><\/span><br \/>\nRua Jacinto Correia, Loja NOP<br \/>\nEdif\u00edcio Atrium Lagoa<br \/>\n8400-398 Lagoa (Algarve)<br \/>\nEmail:\u00a0<a href=\"mailto:sales@brancorealestate.com\">sales@brancorealestate.com<\/a><br \/>\nTelefone: <a href=\"tel: (+351) 964 562 177\">(+351) 964 562 177<\/a> (Chamada para rede m\u00f3vel nacional)<br \/>\nWebsite: <a href=\"http:\/\/www.brancorealestate.com\">www.brancorealestate.com<\/a><\/p>\n<p><span style=\"color: #2b2926;\"><strong>Arrow Intermedi\u00e1rios de Cr\u00e9dito Lda | Intermedi\u00e1rio de Cr\u00e9dito Vinculado*<\/strong><\/span><br \/>\nRua Jacinto Correia, Bloco A, Loja JLM<br \/>\nEdif\u00edcio Atrium Lagoa<br \/>\n8400-398 Lagoa (Algarve)<br \/>\nEmail:\u00a0<a>jm@intermediariosarrow.pt<\/a><br \/>\nTelefone: <a href=\"tel:(+351) 924 778 470\">(+351) 924 778 470<\/a> (Chamada para rede m\u00f3vel nacional)<br \/>\nWebsite: <a href=\"www.intermediariosarrow.pt\">www.intermediariosarrow.pt<\/a><\/p>\n<p>*Intermedi\u00e1rio de cr\u00e9dito vinculado registado junto do Banco de Portugal com o nr. 0008109[\/vc_column_text][\/vc_column][vc_column width=&#8221;1\/3&#8243; conditional_render=&#8221;%5B%7B%22value_role%22%3A%22administrator%22%7D%5D&#8221;][vc_single_image image=&#8221;2967&#8243; img_size=&#8221;full&#8221; alignment=&#8221;center&#8221;][\/vc_column][\/vc_row][vc_row full_width=&#8221;stretch_row&#8221; css=&#8221;.vc_custom_1683561621867{margin-top: 100px !important;padding-right: 0px !important;}&#8221; conditional_render=&#8221;%5B%7B%22value_role%22%3A%22administrator%22%7D%5D&#8221;][vc_column css=&#8221;.vc_custom_1683561508114{padding-right: 0px !important;padding-left: 0px !important;}&#8221; conditional_render=&#8221;%5B%7B%22value_role%22%3A%22administrator%22%7D%5D&#8221;][vc_gmaps link=&#8221;#E-8_JTNDaWZyYW1lJTIwc3JjJTNEJTIyaHR0cHMlM0ElMkYlMkZ3d3cuZ29vZ2xlLmNvbSUyRm1hcHMlMkZlbWJlZCUzRnBiJTNEJTIxMW0xOCUyMTFtMTIlMjExbTMlMjExZDExMjQuNTkwNDM3ODg5NTMzNiUyMTJkLTguNDU0MjEwNTcwMzc5Njk1JTIxM2QzNy4xMzMxNDcyNjc2NjE3MyUyMTJtMyUyMTFmMCUyMTJmMCUyMTNmMCUyMTNtMiUyMTFpMTAyNCUyMTJpNzY4JTIxNGYxMy4xJTIxM20zJTIxMW0yJTIxMXMweGQxYWQ3OGJhNzgwYjlmOSUyNTNBMHgzNDAxZjcwYTM0YTY5Yjk0JTIxMnNBdHJpdW0lMjUyMExhZ29hJTIxNWUwJTIxM20yJTIxMXNwdC1QVCUyMTJzcHQlMjE0djE2Nzk2Njc1NTgyNDElMjE1bTIlMjExc3B0LVBUJTIxMnNwdCUyMiUyMHdpZHRoJTNEJTIyMTAwJTI1JTIyJTIwaGVpZ2h0JTNEJTIyMjUwcHglMjIlMjBzdHlsZSUzRCUyMmJvcmRlciUzQTAlM0IlMjIlMjBhbGxvd2Z1bGxzY3JlZW4lM0QlMjIlMjIlMjBsb2FkaW5nJTNEJTIybGF6eSUyMiUyMHJlZmVycmVycG9saWN5JTNEJTIybm8tcmVmZXJyZXItd2hlbi1kb3duZ3JhZGUlMjIlM0UlM0MlMkZpZnJhbWUlM0U=&#8221; size=&#8221;&#8221; css=&#8221;.vc_custom_1683561650581{margin-bottom: 0px !important;}&#8221;][\/vc_column][\/vc_row]<\/p>\n<\/div>","protected":false},"excerpt":{"rendered":"<p>[vc_row css=&#8221;.vc_custom_1680105122358{margin-top: 50px !important;}&#8221; conditional_render=&#8221;%5B%7B%22value_role%22%3A%22administrator%22%7D%5D&#8221;][vc_column width=&#8221;2\/3&#8243;][vc_column_text css=&#8221;&#8221; css_params=&#8221;&#8221;]A Carvoeiro Branco est\u00e1 sediada em Lagoa, Algarve, e disp\u00f5e de uma equipa pronta a acompanh\u00e1-lo em todas as etapas do seu projeto imobili\u00e1rio, desde a aquisi\u00e7\u00e3o e financiamento at\u00e9 \u00e0 gest\u00e3o de investimento. Trabalhamos em estreita colabora\u00e7\u00e3o com parceiros estrat\u00e9gicos e institui\u00e7\u00f5es financeiras, garantindo um atendimento personalizado [&hellip;]<\/p>\n","protected":false},"author":1,"featured_media":0,"parent":0,"menu_order":0,"comment_status":"closed","ping_status":"closed","template":"","meta":{"_acf_changed":false,"inline_featured_image":false,"_monsterinsights_skip_tracking":false,"_monsterinsights_sitenote_active":false,"_monsterinsights_sitenote_note":"","_monsterinsights_sitenote_category":0,"footnotes":"","_links_to":"","_links_to_target":""},"class_list":["post-3297","page","type-page","status-publish","hentry"],"acf":[],"yoast_head":"<!-- This site is optimized with the Yoast SEO Premium plugin v27.1 (Yoast SEO v27.4) - https:\/\/yoast.com\/product\/yoast-seo-premium-wordpress\/ -->\n<title>Contactos | Carvoeiro Branco<\/title>\n<meta name=\"description\" content=\"Fale com a Carvoeiro Branco. Estamos em Lagoa, Algarve, prontos para o ajudar em investimento em empreendimentos modernos.\" \/>\n<meta name=\"robots\" content=\"index, follow, max-snippet:-1, max-image-preview:large, max-video-preview:-1\" \/>\n<link rel=\"canonical\" href=\"https:\/\/carvoeirobranco.com\/pt-pt\/contactos\/\" \/>\n<meta property=\"og:locale\" content=\"pt_PT\" \/>\n<meta property=\"og:type\" content=\"article\" \/>\n<meta property=\"og:title\" content=\"Contactos\" \/>\n<meta property=\"og:description\" content=\"Fale com a Carvoeiro Branco. Estamos em Lagoa, Algarve, prontos para o ajudar em investimento em empreendimentos modernos.\" \/>\n<meta property=\"og:url\" content=\"https:\/\/carvoeirobranco.com\/pt-pt\/contactos\/\" \/>\n<meta property=\"og:site_name\" content=\"Carvoeiro Branco\" \/>\n<meta property=\"article:modified_time\" content=\"2026-04-14T11:15:08+00:00\" \/>\n<meta name=\"twitter:card\" content=\"summary_large_image\" \/>\n<meta name=\"twitter:label1\" content=\"Tempo estimado de leitura\" \/>\n\t<meta name=\"twitter:data1\" content=\"2 minutos\" \/>\n<script type=\"application\/ld+json\" class=\"yoast-schema-graph\">{\"@context\":\"https:\\\/\\\/schema.org\",\"@graph\":[{\"@type\":\"WebPage\",\"@id\":\"https:\\\/\\\/carvoeirobranco.com\\\/pt-pt\\\/contactos\\\/\",\"url\":\"https:\\\/\\\/carvoeirobranco.com\\\/pt-pt\\\/contactos\\\/\",\"name\":\"Contactos | Carvoeiro Branco\",\"isPartOf\":{\"@id\":\"https:\\\/\\\/carvoeirobranco.com\\\/#website\"},\"datePublished\":\"2023-04-19T10:06:22+00:00\",\"dateModified\":\"2026-04-14T11:15:08+00:00\",\"description\":\"Fale com a Carvoeiro Branco. Estamos em Lagoa, Algarve, prontos para o ajudar em investimento em empreendimentos modernos.\",\"breadcrumb\":{\"@id\":\"https:\\\/\\\/carvoeirobranco.com\\\/pt-pt\\\/contactos\\\/#breadcrumb\"},\"inLanguage\":\"pt-PT\",\"potentialAction\":[{\"@type\":\"ReadAction\",\"target\":[\"https:\\\/\\\/carvoeirobranco.com\\\/pt-pt\\\/contactos\\\/\"]}]},{\"@type\":\"BreadcrumbList\",\"@id\":\"https:\\\/\\\/carvoeirobranco.com\\\/pt-pt\\\/contactos\\\/#breadcrumb\",\"itemListElement\":[{\"@type\":\"ListItem\",\"position\":1,\"name\":\"Home\",\"item\":\"https:\\\/\\\/carvoeirobranco.com\\\/pt-pt\\\/\"},{\"@type\":\"ListItem\",\"position\":2,\"name\":\"Contactos\"}]},{\"@type\":\"WebSite\",\"@id\":\"https:\\\/\\\/carvoeirobranco.com\\\/#website\",\"url\":\"https:\\\/\\\/carvoeirobranco.com\\\/\",\"name\":\"Carvoeiro Branco\",\"description\":\"Developers at heart\",\"potentialAction\":[{\"@type\":\"SearchAction\",\"target\":{\"@type\":\"EntryPoint\",\"urlTemplate\":\"https:\\\/\\\/carvoeirobranco.com\\\/?s={search_term_string}\"},\"query-input\":{\"@type\":\"PropertyValueSpecification\",\"valueRequired\":true,\"valueName\":\"search_term_string\"}}],\"inLanguage\":\"pt-PT\"}]}<\/script>\n<!-- \/ Yoast SEO Premium plugin. -->","yoast_head_json":{"title":"Contactos | Carvoeiro Branco","description":"Fale com a Carvoeiro Branco. Estamos em Lagoa, Algarve, prontos para o ajudar em investimento em empreendimentos modernos.","robots":{"index":"index","follow":"follow","max-snippet":"max-snippet:-1","max-image-preview":"max-image-preview:large","max-video-preview":"max-video-preview:-1"},"canonical":"https:\/\/carvoeirobranco.com\/pt-pt\/contactos\/","og_locale":"pt_PT","og_type":"article","og_title":"Contactos","og_description":"Fale com a Carvoeiro Branco. Estamos em Lagoa, Algarve, prontos para o ajudar em investimento em empreendimentos modernos.","og_url":"https:\/\/carvoeirobranco.com\/pt-pt\/contactos\/","og_site_name":"Carvoeiro Branco","article_modified_time":"2026-04-14T11:15:08+00:00","twitter_card":"summary_large_image","twitter_misc":{"Tempo estimado de leitura":"2 minutos"},"schema":{"@context":"https:\/\/schema.org","@graph":[{"@type":"WebPage","@id":"https:\/\/carvoeirobranco.com\/pt-pt\/contactos\/","url":"https:\/\/carvoeirobranco.com\/pt-pt\/contactos\/","name":"Contactos | Carvoeiro Branco","isPartOf":{"@id":"https:\/\/carvoeirobranco.com\/#website"},"datePublished":"2023-04-19T10:06:22+00:00","dateModified":"2026-04-14T11:15:08+00:00","description":"Fale com a Carvoeiro Branco. Estamos em Lagoa, Algarve, prontos para o ajudar em investimento em empreendimentos modernos.","breadcrumb":{"@id":"https:\/\/carvoeirobranco.com\/pt-pt\/contactos\/#breadcrumb"},"inLanguage":"pt-PT","potentialAction":[{"@type":"ReadAction","target":["https:\/\/carvoeirobranco.com\/pt-pt\/contactos\/"]}]},{"@type":"BreadcrumbList","@id":"https:\/\/carvoeirobranco.com\/pt-pt\/contactos\/#breadcrumb","itemListElement":[{"@type":"ListItem","position":1,"name":"Home","item":"https:\/\/carvoeirobranco.com\/pt-pt\/"},{"@type":"ListItem","position":2,"name":"Contactos"}]},{"@type":"WebSite","@id":"https:\/\/carvoeirobranco.com\/#website","url":"https:\/\/carvoeirobranco.com\/","name":"Carvoeiro Branco","description":"Developers at heart","potentialAction":[{"@type":"SearchAction","target":{"@type":"EntryPoint","urlTemplate":"https:\/\/carvoeirobranco.com\/?s={search_term_string}"},"query-input":{"@type":"PropertyValueSpecification","valueRequired":true,"valueName":"search_term_string"}}],"inLanguage":"pt-PT"}]}},"_links":{"self":[{"href":"https:\/\/carvoeirobranco.com\/pt-pt\/wp-json\/wp\/v2\/pages\/3297","targetHints":{"allow":["GET"]}}],"collection":[{"href":"https:\/\/carvoeirobranco.com\/pt-pt\/wp-json\/wp\/v2\/pages"}],"about":[{"href":"https:\/\/carvoeirobranco.com\/pt-pt\/wp-json\/wp\/v2\/types\/page"}],"author":[{"embeddable":true,"href":"https:\/\/carvoeirobranco.com\/pt-pt\/wp-json\/wp\/v2\/users\/1"}],"replies":[{"embeddable":true,"href":"https:\/\/carvoeirobranco.com\/pt-pt\/wp-json\/wp\/v2\/comments?post=3297"}],"version-history":[{"count":0,"href":"https:\/\/carvoeirobranco.com\/pt-pt\/wp-json\/wp\/v2\/pages\/3297\/revisions"}],"wp:attachment":[{"href":"https:\/\/carvoeirobranco.com\/pt-pt\/wp-json\/wp\/v2\/media?parent=3297"}],"curies":[{"name":"wp","href":"https:\/\/api.w.org\/{rel}","templated":true}]}}