{"id":3278,"date":"2023-04-19T11:05:27","date_gmt":"2023-04-19T10:05:27","guid":{"rendered":"https:\/\/carvoeirobranco.com\/careers\/"},"modified":"2026-04-13T09:43:22","modified_gmt":"2026-04-13T08:43:22","slug":"carreiras","status":"publish","type":"page","link":"https:\/\/carvoeirobranco.com\/pt-pt\/carreiras\/","title":{"rendered":"Carreiras"},"content":{"rendered":"<div class=\"wpb-content-wrapper\"><p>[vc_row css=&#8221;.vc_custom_1683282051637{margin-top: 50px !important;margin-bottom: 50px !important;}&#8221; conditional_render=&#8221;%5B%7B%22value_role%22%3A%22administrator%22%7D%5D&#8221;][vc_column width=&#8221;2\/3&#8243;]<div class=\"porto-u-heading  wpb_custom_95aa9a11c17ad45cfabaf210d84ee7cc porto-u-ad87e2eaf3f9c495180fe0156ddf3eb0 \"><div class=\"porto-u-main-heading\"><h1   style=\"color:#2b2926;\">Vamos Crescer Juntos<\/h1><\/div><style>.porto-u-ad87e2eaf3f9c495180fe0156ddf3eb0.porto-u-heading{text-align:left}<\/style><\/div>[vc_column_text css=&#8221;&#8221; css_params=&#8221;&#8221;]<\/p>\n<h2><span style=\"color: #e47126;\">Trabalhar na Carvoeiro Branco \u00e9 Fazer Parte de Algo Maior<\/span><\/h2>\n<p>Na Carvoeiro Branco acreditamos que o sucesso da empresa \u00e9 constru\u00eddo por pessoas com talento, dedica\u00e7\u00e3o e vis\u00e3o. Promovemos um ambiente de trabalho colaborativo, onde cada colaborador tem a oportunidade de crescer, aprender e contribuir para projetos imobili\u00e1rios de refer\u00eancia no Algarve.<\/p>\n<p>Valorizamos o equil\u00edbrio entre a vida pessoal e profissional e acreditamos que a motiva\u00e7\u00e3o nasce quando o trabalho tem prop\u00f3sito.[\/vc_column_text][\/vc_column][vc_column width=&#8221;1\/3&#8243;][vc_single_image image=&#8221;2967&#8243; img_size=&#8221;full&#8221; alignment=&#8221;center&#8221; css=&#8221;&#8221; img_mwidth=&#8221;{&#8220;unit&#8220;:&#8220;%&#8220;,&#8220;xs&#8220;:&#8220;&#8220;,&#8220;sm&#8220;:&#8220;&#8220;,&#8220;md&#8220;:&#8220;&#8220;,&#8220;lg&#8220;:&#8220;&#8220;,&#8220;xl&#8220;:&#8220;70&#8220;}&#8221; img_height=&#8221;{&#8220;unit&#8220;:&#8220;%&#8220;,&#8220;xs&#8220;:&#8220;&#8220;,&#8220;sm&#8220;:&#8220;&#8220;,&#8220;md&#8220;:&#8220;&#8220;,&#8220;lg&#8220;:&#8220;&#8220;,&#8220;xl&#8220;:&#8220;70&#8220;}&#8221; css_params=&#8221;&#8221;][\/vc_column][\/vc_row][vc_row full_width=&#8221;stretch_row&#8221; css=&#8221;.vc_custom_1683282137164{margin-top: 0px !important;margin-bottom: 0px !important;padding-top: 50px !important;background-color: #f5f2f2 !important;}&#8221; conditional_render=&#8221;%5B%7B%22value_role%22%3A%22administrator%22%7D%5D&#8221;][vc_column]<div class=\"porto-u-heading  wpb_custom_95aa9a11c17ad45cfabaf210d84ee7cc porto-u-55ca8359258f9a412be7e73af65d2aac \"><div class=\"porto-u-main-heading\"><h2   style=\"color:#2b2926;\">Potencie a sua Carreira com Benef\u00edcios e Reconhecimento<\/h2><\/div><style>.porto-u-55ca8359258f9a412be7e73af65d2aac.porto-u-heading{text-align:center}<\/style><\/div>[\/vc_column][\/vc_row][vc_row full_width=&#8221;stretch_row&#8221; css=&#8221;.vc_custom_1683282178705{margin-top: 0px !important;margin-bottom: 0px !important;padding-bottom: 50px !important;background-color: #f5f2f2 !important;}&#8221; conditional_render=&#8221;%5B%7B%22value_role%22%3A%22administrator%22%7D%5D&#8221;][vc_column width=&#8221;1\/3&#8243; offset=&#8221;vc_col-xl-2 vc_col-lg-2 vc_col-md-3 vc_col-xs-6&#8243; conditional_render=&#8221;%5B%7B%22value_role%22%3A%22administrator%22%7D%5D&#8221;]<div class=\"porto-sicon-box  wpb_custom_c42cc8e23ae2cd5ab6ed7edda1e58586 style_1 top-icon\"><div class=\"porto-sicon-top\"><div class=\"porto-just-icon-wrapper porto-sicon-img  porto-icon-9f5d1cfb45d27d96b50bf473aebba227\" style=\"font-size: 100px;\"><img decoding=\"async\" class=\"img-icon\" alt=\"Awesome people\" src=\"https:\/\/carvoeirobranco.com\/wp-content\/uploads\/2023\/04\/Awesome-people.svg\" width=\"100\" height=\"120\" \/><\/div><\/div><div class=\"porto-sicon-header\"><h3 class=\"porto-sicon-title\" style=\"\">Pessoas Fant\u00e1sticas<\/h3><\/div> <!-- header --><\/div><!-- porto-sicon-box -->[\/vc_column][vc_column width=&#8221;1\/3&#8243; offset=&#8221;vc_col-xl-2 vc_col-lg-2 vc_col-md-3 vc_col-xs-6&#8243; conditional_render=&#8221;%5B%7B%22value_role%22%3A%22administrator%22%7D%5D&#8221;]<div class=\"porto-sicon-box  wpb_custom_c42cc8e23ae2cd5ab6ed7edda1e58586 style_1 top-icon\"><div class=\"porto-sicon-top\"><div class=\"porto-just-icon-wrapper porto-sicon-img  porto-icon-9f5d1cfb45d27d96b50bf473aebba227\" style=\"font-size: 100px;\"><img decoding=\"async\" class=\"img-icon\" alt=\"Competitive salary\" src=\"https:\/\/carvoeirobranco.com\/wp-content\/uploads\/2023\/04\/Competitive-salary.svg\" width=\"100\" height=\"120\" \/><\/div><\/div><div class=\"porto-sicon-header\"><h3 class=\"porto-sicon-title\" style=\"\">Sal\u00e1rio Competitivo<\/h3><\/div> <!-- header --><\/div><!-- porto-sicon-box -->[\/vc_column][vc_column width=&#8221;1\/3&#8243; offset=&#8221;vc_col-xl-2 vc_col-lg-2 vc_col-md-3 vc_col-xs-6&#8243; conditional_render=&#8221;%5B%7B%22value_role%22%3A%22administrator%22%7D%5D&#8221;]<div class=\"porto-sicon-box  wpb_custom_c42cc8e23ae2cd5ab6ed7edda1e58586 style_1 top-icon\"><div class=\"porto-sicon-top\"><div class=\"porto-just-icon-wrapper porto-sicon-img  porto-icon-9f5d1cfb45d27d96b50bf473aebba227\" style=\"font-size: 100px;\"><img decoding=\"async\" class=\"img-icon\" alt=\"gym-2\" src=\"https:\/\/carvoeirobranco.com\/wp-content\/uploads\/2023\/04\/gym-2.svg\" width=\"100\" height=\"120\" \/><\/div><\/div><div class=\"porto-sicon-header\"><h3 class=\"porto-sicon-title\" style=\"\">Inscri\u00e7\u00e3o no Gin\u00e1sio<\/h3><\/div> <!-- header --><\/div><!-- porto-sicon-box -->[\/vc_column][vc_column width=&#8221;1\/3&#8243; offset=&#8221;vc_col-xl-2 vc_col-lg-2 vc_col-md-3 vc_col-xs-6&#8243; conditional_render=&#8221;%5B%7B%22value_role%22%3A%22administrator%22%7D%5D&#8221;]<div class=\"porto-sicon-box  wpb_custom_c42cc8e23ae2cd5ab6ed7edda1e58586 style_1 top-icon\"><div class=\"porto-sicon-top\"><div class=\"porto-just-icon-wrapper porto-sicon-img  porto-icon-9f5d1cfb45d27d96b50bf473aebba227\" style=\"font-size: 100px;\"><img decoding=\"async\" class=\"img-icon\" alt=\"Paid time off\" src=\"https:\/\/carvoeirobranco.com\/wp-content\/uploads\/2023\/04\/Paid-time-off.svg\" width=\"100\" height=\"120\" \/><\/div><\/div><div class=\"porto-sicon-header\"><h3 class=\"porto-sicon-title\" style=\"\">F\u00e9rias remuneradas<\/h3><\/div> <!-- header --><\/div><!-- porto-sicon-box -->[\/vc_column][vc_column width=&#8221;1\/3&#8243; offset=&#8221;vc_col-xl-2 vc_col-lg-2 vc_col-md-3 vc_col-xs-6&#8243; conditional_render=&#8221;%5B%7B%22value_role%22%3A%22administrator%22%7D%5D&#8221;]<div class=\"porto-sicon-box  wpb_custom_c42cc8e23ae2cd5ab6ed7edda1e58586 style_1 top-icon\"><div class=\"porto-sicon-top\"><div class=\"porto-just-icon-wrapper porto-sicon-img  porto-icon-9f5d1cfb45d27d96b50bf473aebba227\" style=\"font-size: 100px;\"><img decoding=\"async\" class=\"img-icon\" alt=\"Parent leave\" src=\"https:\/\/carvoeirobranco.com\/wp-content\/uploads\/2023\/04\/Parent-leave.svg\" width=\"100\" height=\"120\" \/><\/div><\/div><div class=\"porto-sicon-header\"><h3 class=\"porto-sicon-title\" style=\"\">Licen\u00e7as parentais prolongadas<\/h3><\/div> <!-- header --><\/div><!-- porto-sicon-box -->[\/vc_column][vc_column width=&#8221;1\/3&#8243; offset=&#8221;vc_col-xl-2 vc_col-lg-2 vc_col-md-3 vc_col-xs-6&#8243; conditional_render=&#8221;%5B%7B%22value_role%22%3A%22administrator%22%7D%5D&#8221;]<div class=\"porto-sicon-box  wpb_custom_c42cc8e23ae2cd5ab6ed7edda1e58586 style_1 top-icon\"><div class=\"porto-sicon-top\"><div class=\"porto-just-icon-wrapper porto-sicon-img  porto-icon-9f5d1cfb45d27d96b50bf473aebba227\" style=\"font-size: 100px;\"><img decoding=\"async\" class=\"img-icon\" alt=\"Flexible holidays\" src=\"https:\/\/carvoeirobranco.com\/wp-content\/uploads\/2023\/04\/Flexible-holidays.svg\" width=\"100\" height=\"120\" \/><\/div><\/div><div class=\"porto-sicon-header\"><h3 class=\"porto-sicon-title\" style=\"\">F\u00e9rias Flex\u00edveis<\/h3><\/div> <!-- header --><\/div><!-- porto-sicon-box -->[\/vc_column][\/vc_row][vc_row css=&#8221;.vc_custom_1682084941438{margin-top: 75px !important;}&#8221; conditional_render=&#8221;%5B%7B%22value_role%22%3A%22administrator%22%7D%5D&#8221;][vc_column]<div class=\"porto-u-heading  wpb_custom_95aa9a11c17ad45cfabaf210d84ee7cc porto-u-55ca8359258f9a412be7e73af65d2aac \"><div class=\"porto-u-main-heading\"><h1   style=\"color:#2b2926;\">Oportunidades Atuais<\/h1><\/div><style>.porto-u-55ca8359258f9a412be7e73af65d2aac.porto-u-heading{text-align:center}<\/style><\/div>[vc_row_inner content_placement=&#8221;middle&#8221; css=&#8221;.vc_custom_1733958810054{margin-right: 0px !important;margin-bottom: 15px !important;margin-left: 0px !important;padding-top: 25px !important;padding-right: 25px !important;padding-bottom: 25px !important;padding-left: 25px !important;background-color: #e29561 !important;}&#8221; css_params=&#8221;&#8221;][vc_column_inner width=&#8221;5\/6&#8243;][vc_column_text css=&#8221;.vc_custom_1685458901129{margin-bottom: 15px !important;}&#8221;]<span style=\"color: #ffffff; font-size: 24px;\"><strong>Est\u00e1gio em Marketing<\/strong><\/span>[\/vc_column_text]<div class=\"porto-sicon-box  vc_custom_1685458911820  wpb_custom_785610ae6d54d2e59790b2ec15c0af40 style_1 left-icon\"><div class=\"porto-sicon-left\"><div class=\"porto-just-icon-wrapper porto-icon none\" style=\"color:#ffffff;font-size:16px;\"><i class=\"far fa-clock\"><\/i><\/div><\/div><div class=\"porto-sicon-body\"><div class=\"porto-sicon-header\"><h3 class=\"porto-sicon-title\" style=\"\">Tempo Inteiro<\/h3><\/div> <!-- header --><\/div><\/div><!-- porto-sicon-box --><div class=\"porto-sicon-box  wpb_custom_fc0d025d13abdd7265adebcb749336de style_1 left-icon\"><div class=\"porto-sicon-left\"><div class=\"porto-just-icon-wrapper porto-icon none\" style=\"color:#ffffff;font-size:16px;\"><i class=\"fas fa-map-marker-alt\"><\/i><\/div><\/div><div class=\"porto-sicon-body\"><div class=\"porto-sicon-header\"><h3 class=\"porto-sicon-title\" style=\"\">Lagoa<\/h3><\/div> <!-- header --><\/div><\/div><!-- porto-sicon-box -->[\/vc_column_inner][vc_column_inner width=&#8221;1\/6&#8243;]<div class=\"porto-btn-ctn-right \"><a class=\"porto-btn  vc_custom_1738054353025 porto-adjust-bottom-margin porto-btn-block porto-btn-no-hover-bg   wpb_custom_b2eff572b8140cae3bf0edd6a06638b2  porto-btn-right \" title='Est\u00e1gio em Marketing' rel='' href = \"https:\/\/carvoeirobranco.com\/pt-pt\/estagio-em-marketing\/\"  data-hover=\"#0a0000\" data-border-color=\"var(--porto-light-color)\" data-bg=\"#ffffff\" data-hover-bg=\"\" data-border-hover=\"#0a0000\" data-shadow-click=\"none\" data-shadow=\"\" style=\"border-width:1px;border-color:var(--porto-light-color);border-style:solid;background: #ffffff;color: #e47126;\"><span class=\"porto-btn-hover\"><\/span><span class=\"porto-btn-data porto-btn-text \" >Ver Oferta<\/span><\/a><\/div>[\/vc_column_inner][\/vc_row_inner][\/vc_column][\/vc_row]<\/p>\n<\/div>","protected":false},"excerpt":{"rendered":"<p>[vc_row css=&#8221;.vc_custom_1683282051637{margin-top: 50px !important;margin-bottom: 50px !important;}&#8221; conditional_render=&#8221;%5B%7B%22value_role%22%3A%22administrator%22%7D%5D&#8221;][vc_column width=&#8221;2\/3&#8243;][vc_column_text css=&#8221;&#8221; css_params=&#8221;&#8221;] Trabalhar na Carvoeiro Branco \u00e9 Fazer Parte de Algo Maior Na Carvoeiro Branco acreditamos que o sucesso da empresa \u00e9 constru\u00eddo por pessoas com talento, dedica\u00e7\u00e3o e vis\u00e3o. Promovemos um ambiente de trabalho colaborativo, onde cada colaborador tem a oportunidade de crescer, aprender e contribuir [&hellip;]<\/p>\n","protected":false},"author":1,"featured_media":0,"parent":0,"menu_order":0,"comment_status":"closed","ping_status":"closed","template":"","meta":{"_acf_changed":false,"inline_featured_image":false,"_monsterinsights_skip_tracking":false,"_monsterinsights_sitenote_active":false,"_monsterinsights_sitenote_note":"","_monsterinsights_sitenote_category":0,"footnotes":"","_links_to":"","_links_to_target":""},"class_list":["post-3278","page","type-page","status-publish","hentry"],"acf":[],"yoast_head":"<!-- This site is optimized with the Yoast SEO Premium plugin v27.1 (Yoast SEO v27.4) - https:\/\/yoast.com\/product\/yoast-seo-premium-wordpress\/ -->\n<title>Carreiras | Trabalhar na Carvoeiro Branco<\/title>\n<meta name=\"description\" content=\"Junte-se \u00e0 Carvoeiro Branco e fa\u00e7a parte de uma empresa l\u00edder no desenvolvimento imobili\u00e1rio no Algarve.\" \/>\n<meta name=\"robots\" content=\"index, follow, max-snippet:-1, max-image-preview:large, max-video-preview:-1\" \/>\n<link rel=\"canonical\" href=\"https:\/\/carvoeirobranco.com\/pt-pt\/carreiras\/\" \/>\n<meta property=\"og:locale\" content=\"pt_PT\" \/>\n<meta property=\"og:type\" content=\"article\" \/>\n<meta property=\"og:title\" content=\"Carreiras\" \/>\n<meta property=\"og:description\" content=\"Junte-se \u00e0 Carvoeiro Branco e fa\u00e7a parte de uma empresa l\u00edder no desenvolvimento imobili\u00e1rio no Algarve.\" \/>\n<meta property=\"og:url\" content=\"https:\/\/carvoeirobranco.com\/pt-pt\/carreiras\/\" \/>\n<meta property=\"og:site_name\" content=\"Carvoeiro Branco\" \/>\n<meta property=\"article:modified_time\" content=\"2026-04-13T08:43:22+00:00\" \/>\n<meta name=\"twitter:card\" content=\"summary_large_image\" \/>\n<meta name=\"twitter:label1\" content=\"Tempo estimado de leitura\" \/>\n\t<meta name=\"twitter:data1\" content=\"3 minutos\" \/>\n<script type=\"application\/ld+json\" class=\"yoast-schema-graph\">{\"@context\":\"https:\\\/\\\/schema.org\",\"@graph\":[{\"@type\":\"WebPage\",\"@id\":\"https:\\\/\\\/carvoeirobranco.com\\\/pt-pt\\\/carreiras\\\/\",\"url\":\"https:\\\/\\\/carvoeirobranco.com\\\/pt-pt\\\/carreiras\\\/\",\"name\":\"Carreiras | Trabalhar na Carvoeiro Branco\",\"isPartOf\":{\"@id\":\"https:\\\/\\\/carvoeirobranco.com\\\/#website\"},\"datePublished\":\"2023-04-19T10:05:27+00:00\",\"dateModified\":\"2026-04-13T08:43:22+00:00\",\"description\":\"Junte-se \u00e0 Carvoeiro Branco e fa\u00e7a parte de uma empresa l\u00edder no desenvolvimento imobili\u00e1rio no Algarve.\",\"breadcrumb\":{\"@id\":\"https:\\\/\\\/carvoeirobranco.com\\\/pt-pt\\\/carreiras\\\/#breadcrumb\"},\"inLanguage\":\"pt-PT\",\"potentialAction\":[{\"@type\":\"ReadAction\",\"target\":[\"https:\\\/\\\/carvoeirobranco.com\\\/pt-pt\\\/carreiras\\\/\"]}]},{\"@type\":\"BreadcrumbList\",\"@id\":\"https:\\\/\\\/carvoeirobranco.com\\\/pt-pt\\\/carreiras\\\/#breadcrumb\",\"itemListElement\":[{\"@type\":\"ListItem\",\"position\":1,\"name\":\"Home\",\"item\":\"https:\\\/\\\/carvoeirobranco.com\\\/pt-pt\\\/\"},{\"@type\":\"ListItem\",\"position\":2,\"name\":\"Carreiras\"}]},{\"@type\":\"WebSite\",\"@id\":\"https:\\\/\\\/carvoeirobranco.com\\\/#website\",\"url\":\"https:\\\/\\\/carvoeirobranco.com\\\/\",\"name\":\"Carvoeiro Branco\",\"description\":\"Developers at heart\",\"potentialAction\":[{\"@type\":\"SearchAction\",\"target\":{\"@type\":\"EntryPoint\",\"urlTemplate\":\"https:\\\/\\\/carvoeirobranco.com\\\/?s={search_term_string}\"},\"query-input\":{\"@type\":\"PropertyValueSpecification\",\"valueRequired\":true,\"valueName\":\"search_term_string\"}}],\"inLanguage\":\"pt-PT\"}]}<\/script>\n<!-- \/ Yoast SEO Premium plugin. -->","yoast_head_json":{"title":"Carreiras | Trabalhar na Carvoeiro Branco","description":"Junte-se \u00e0 Carvoeiro Branco e fa\u00e7a parte de uma empresa l\u00edder no desenvolvimento imobili\u00e1rio no Algarve.","robots":{"index":"index","follow":"follow","max-snippet":"max-snippet:-1","max-image-preview":"max-image-preview:large","max-video-preview":"max-video-preview:-1"},"canonical":"https:\/\/carvoeirobranco.com\/pt-pt\/carreiras\/","og_locale":"pt_PT","og_type":"article","og_title":"Carreiras","og_description":"Junte-se \u00e0 Carvoeiro Branco e fa\u00e7a parte de uma empresa l\u00edder no desenvolvimento imobili\u00e1rio no Algarve.","og_url":"https:\/\/carvoeirobranco.com\/pt-pt\/carreiras\/","og_site_name":"Carvoeiro Branco","article_modified_time":"2026-04-13T08:43:22+00:00","twitter_card":"summary_large_image","twitter_misc":{"Tempo estimado de leitura":"3 minutos"},"schema":{"@context":"https:\/\/schema.org","@graph":[{"@type":"WebPage","@id":"https:\/\/carvoeirobranco.com\/pt-pt\/carreiras\/","url":"https:\/\/carvoeirobranco.com\/pt-pt\/carreiras\/","name":"Carreiras | Trabalhar na Carvoeiro Branco","isPartOf":{"@id":"https:\/\/carvoeirobranco.com\/#website"},"datePublished":"2023-04-19T10:05:27+00:00","dateModified":"2026-04-13T08:43:22+00:00","description":"Junte-se \u00e0 Carvoeiro Branco e fa\u00e7a parte de uma empresa l\u00edder no desenvolvimento imobili\u00e1rio no Algarve.","breadcrumb":{"@id":"https:\/\/carvoeirobranco.com\/pt-pt\/carreiras\/#breadcrumb"},"inLanguage":"pt-PT","potentialAction":[{"@type":"ReadAction","target":["https:\/\/carvoeirobranco.com\/pt-pt\/carreiras\/"]}]},{"@type":"BreadcrumbList","@id":"https:\/\/carvoeirobranco.com\/pt-pt\/carreiras\/#breadcrumb","itemListElement":[{"@type":"ListItem","position":1,"name":"Home","item":"https:\/\/carvoeirobranco.com\/pt-pt\/"},{"@type":"ListItem","position":2,"name":"Carreiras"}]},{"@type":"WebSite","@id":"https:\/\/carvoeirobranco.com\/#website","url":"https:\/\/carvoeirobranco.com\/","name":"Carvoeiro Branco","description":"Developers at heart","potentialAction":[{"@type":"SearchAction","target":{"@type":"EntryPoint","urlTemplate":"https:\/\/carvoeirobranco.com\/?s={search_term_string}"},"query-input":{"@type":"PropertyValueSpecification","valueRequired":true,"valueName":"search_term_string"}}],"inLanguage":"pt-PT"}]}},"_links":{"self":[{"href":"https:\/\/carvoeirobranco.com\/pt-pt\/wp-json\/wp\/v2\/pages\/3278","targetHints":{"allow":["GET"]}}],"collection":[{"href":"https:\/\/carvoeirobranco.com\/pt-pt\/wp-json\/wp\/v2\/pages"}],"about":[{"href":"https:\/\/carvoeirobranco.com\/pt-pt\/wp-json\/wp\/v2\/types\/page"}],"author":[{"embeddable":true,"href":"https:\/\/carvoeirobranco.com\/pt-pt\/wp-json\/wp\/v2\/users\/1"}],"replies":[{"embeddable":true,"href":"https:\/\/carvoeirobranco.com\/pt-pt\/wp-json\/wp\/v2\/comments?post=3278"}],"version-history":[{"count":0,"href":"https:\/\/carvoeirobranco.com\/pt-pt\/wp-json\/wp\/v2\/pages\/3278\/revisions"}],"wp:attachment":[{"href":"https:\/\/carvoeirobranco.com\/pt-pt\/wp-json\/wp\/v2\/media?parent=3278"}],"curies":[{"name":"wp","href":"https:\/\/api.w.org\/{rel}","templated":true}]}}