{"id":3270,"date":"2023-03-27T15:01:41","date_gmt":"2023-03-27T14:01:41","guid":{"rendered":"https:\/\/carvoeirobranco.com\/meet-our-ceo-erik-de-vlieger\/"},"modified":"2026-04-14T10:04:04","modified_gmt":"2026-04-14T09:04:04","slug":"conheca-o-nosso-diretor-executivo-erik-de-vlieger","status":"publish","type":"page","link":"https:\/\/carvoeirobranco.com\/pt-pt\/conheca-o-nosso-diretor-executivo-erik-de-vlieger\/","title":{"rendered":"O Nosso Diretor Executivo, Erik de Vlieger"},"content":{"rendered":"<div class=\"wpb-content-wrapper\"><p>[vc_row css=&#8221;.vc_custom_1680106788301{margin-top: 50px !important;}&#8221; conditional_render=&#8221;%5B%7B%22value_role%22%3A%22administrator%22%7D%5D&#8221;][vc_column width=&#8221;2\/3&#8243; conditional_render=&#8221;%5B%7B%22value_role%22%3A%22administrator%22%7D%5D&#8221;]<div class=\"porto-u-heading  wpb_custom_95aa9a11c17ad45cfabaf210d84ee7cc porto-u-ad87e2eaf3f9c495180fe0156ddf3eb0 \"><style>.porto-u-ad87e2eaf3f9c495180fe0156ddf3eb0.porto-u-heading{text-align:left}<\/style><\/div>[vc_column_text css=&#8221;&#8221; css_params=&#8221;&#8221;]<\/p>\n<h2><span style=\"color: #e47126;\">Uma Vis\u00e3o Empreendedora que Molda o Futuro do Imobili\u00e1rio<\/span><\/h2>\n<p>Erik de Vlieger \u00e9 um empres\u00e1rio holand\u00eas, investidor e fundador da Carvoeiro Branco, uma das principais promotoras imobili\u00e1rias do Algarve.<\/p>\n<p>Com mais de quatro d\u00e9cadas de experi\u00eancia em gest\u00e3o e investimento, Erik \u00e9 reconhecido pela sua vis\u00e3o estrat\u00e9gica e capacidade de transformar ideias em projetos imobili\u00e1rios de impacto.<\/p>\n<p>Desde que se mudou para o Algarve em 2006, Erik tem-se dedicado \u00e0 requalifica\u00e7\u00e3o de espa\u00e7os e edif\u00edcios abandonados, transformando-os em projetos de elevado valor arquitet\u00f3nico e social. A sua vis\u00e3o empreendedora visa impulsionar o desenvolvimento local e criar oportunidades que valorizam a regi\u00e3o e a comunidade algarvia.<\/p>\n<p>Erik procura contribuir ativamente para o desenvolvimento de Portugal, promovendo projetos de habita\u00e7\u00e3o acess\u00edvel para a classe m\u00e9dia e incentivando a cria\u00e7\u00e3o de novas oportunidades empresariais. A sua dedica\u00e7\u00e3o \u00e0 reabilita\u00e7\u00e3o de espa\u00e7os negligenciados e \u00e0 valoriza\u00e7\u00e3o das comunidades locais reflete um compromisso genu\u00edno com o progresso social e urbano, inspirando munic\u00edpios e parceiros a colaborarem nesta miss\u00e3o de regenera\u00e7\u00e3o e crescimento sustent\u00e1vel.<\/p>\n<p>&nbsp;<\/p>\n<h2><span style=\"color: #2b2926;\"><span style=\"color: #e47126;\">Compromisso com a Inova\u00e7\u00e3o<span style=\"color: #2b2926;\"><\/span><\/span><\/span><\/h2>\n<p>A miss\u00e3o de Erik de Vlieger vai al\u00e9m do desenvolvimento imobili\u00e1rio &#8211; o seu foco est\u00e1 em criar comunidades vibrantes, funcionais e alinhadas com as necessidades contempor\u00e2neas.<\/p>\n<p>Sob a sua lideran\u00e7a, a Carvoeiro Branco tem concretizado projetos de refer\u00eancia como Atrium Lagoa e Vale de Milho Village, que representam um novo paradigma de habita\u00e7\u00e3o moderna no Algarve.<\/p>\n<p>A aposta na inova\u00e7\u00e3o, uso respons\u00e1vel dos recursos e na integra\u00e7\u00e3o com a paisagem natural tem sido uma marca distintiva em todos os seus empreendimentos.<\/p>\n<p>&nbsp;<\/p>\n<h2><span style=\"color: #2b2926;\"> <span style=\"color: #e47126;\">Lideran\u00e7a, Valores e Humanidade<span style=\"color: #2b2926;\"><\/span><\/span><\/span><\/h2>\n<p>Erik acredita que o verdadeiro sucesso de uma empresa est\u00e1 nas pessoas que a constroem. Por isso, promove uma cultura de proximidade, \u00e9tica e crescimento partilhado dentro da Carvoeiro Branco.<\/p>\n<p>A sua vis\u00e3o humanista reflete-se tanto na forma como gere a empresa como no impacto positivo que procura gerar nas comunidades locais. Para ele, o desenvolvimento imobili\u00e1rio \u00e9 uma responsabilidade social &#8211; uma oportunidade para melhorar o modo de vida e o ambiente das regi\u00f5es onde atua.[\/vc_column_text][\/vc_column][vc_column width=&#8221;1\/3&#8243; conditional_render=&#8221;%5B%7B%22value_role%22%3A%22administrator%22%7D%5D&#8221;][vc_single_image image=&#8221;2966&#8243; img_size=&#8221;full&#8221; alignment=&#8221;center&#8221;][\/vc_column][\/vc_row][vc_row css=&#8221;.vc_custom_1682534386942{margin-top: 100px !important;}&#8221; conditional_render=&#8221;%5B%7B%22value_role%22%3A%22administrator%22%7D%5D&#8221;][vc_column][vc_column_text]\n            <div \n                class=\"elfsight-widget-youtube-gallery elfsight-widget\" \n                data-elfsight-youtube-gallery-options=\"%7B%22channel%22%3A%22https%3A%5C%2F%5C%2Fyoutube.com%5C%2Fchannel%5C%2FUCUIjaFn08so8G2XRKII1tlg%22%2C%22sourceGroups%22%3A%5B%7B%22name%22%3A%22Portugal%27s%20real%20estate%20market%2C%20insights%20from%20Erik%20de%20Vlieger%22%2C%22sources%22%3A%5B%22https%3A%5C%2F%5C%2Fwww.youtube.com%5C%2Fplaylist%3Flist%3DPLT3a0EHwYcxG4Pq57wRT_rodSsrAyE5PR%22%5D%7D%5D%2C%22headerVisible%22%3Afalse%2C%22headerLayout%22%3A%22classic%22%2C%22headerInfo%22%3A%5B%22logo%22%2C%22banner%22%2C%22channelName%22%2C%22channelDescription%22%2C%22videosCounter%22%2C%22subscribersCounter%22%2C%22viewsCounter%22%2C%22subscribeButton%22%5D%2C%22headerChannelName%22%3Anull%2C%22headerChannelDescription%22%3Anull%2C%22headerChannelLogo%22%3Anull%2C%22headerChannelBanner%22%3Anull%2C%22contentColumns%22%3A3%2C%22contentRows%22%3A9%2C%22contentGutter%22%3A15%2C%22contentResponsive%22%3A%5B%7B%22minWidth%22%3A375%2C%22columns%22%3A1%2C%22rows%22%3A1%2C%22gutter%22%3A%2220%22%7D%2C%7B%22minWidth%22%3A768%2C%22columns%22%3A2%2C%22rows%22%3A1%2C%22gutter%22%3A%2220%22%7D%5D%2C%22width%22%3A%22auto%22%2C%22videoLayout%22%3A%22classic%22%2C%22videoInfo%22%3A%5B%22playIcon%22%2C%22duration%22%2C%22title%22%2C%22description%22%5D%2C%22videoPlayMode%22%3A%22popup%22%2C%22popupInfo%22%3A%5B%22title%22%2C%22channelLogo%22%5D%2C%22popupAutoplay%22%3Atrue%2C%22contentDirection%22%3A%22vertical%22%2C%22contentArrowsControl%22%3Afalse%2C%22contentScrollControl%22%3Afalse%2C%22contentDragControl%22%3Atrue%2C%22contentPaginationControl%22%3Atrue%2C%22contentScrollbar%22%3Afalse%2C%22contentSearch%22%3Afalse%2C%22contentDivider1%22%3Anull%2C%22contentTransitionSpeed%22%3A600%2C%22contentTransitionEffect%22%3A%22slide%22%2C%22contentFreeMode%22%3Afalse%2C%22contentDivider2%22%3Anull%2C%22contentAuto%22%3A0%2C%22contentAutoPauseOnHover%22%3Afalse%2C%22colorScheme%22%3A%22custom%22%2C%22colorHeaderBg%22%3A%22rgb%28255%2C%20255%2C%20255%29%22%2C%22colorHeaderBannerOverlay%22%3A%22rgb%28255%2C%20255%2C%20255%29%22%2C%22colorHeaderChannelName%22%3A%22rgb%2817%2C%2017%2C%2017%29%22%2C%22colorHeaderChannelNameHover%22%3A%22rgb%2817%2C%2017%2C%2017%29%22%2C%22colorHeaderChannelDescription%22%3A%22rgb%2817%2C%2017%2C%2017%29%22%2C%22colorHeaderAnchor%22%3A%22rgb%2817%2C%2017%2C%2017%29%22%2C%22colorHeaderAnchorHover%22%3A%22rgb%2817%2C%2017%2C%2017%29%22%2C%22colorHeaderCounters%22%3A%22rgba%2817%2C%2017%2C%2017%2C%200.7%29%22%2C%22colorGroupsBg%22%3A%22rgb%28250%2C%20250%2C%20250%29%22%2C%22colorGroupsLink%22%3A%22rgb%2817%2C%2017%2C%2017%2C%200.5%29%22%2C%22colorGroupsLinkHover%22%3A%22rgb%2817%2C%2017%2C%2017%29%22%2C%22colorGroupsLinkActive%22%3A%22rgb%2817%2C%2017%2C%2017%29%22%2C%22colorGroupsHighlightHover%22%3A%22rgb%2817%2C%2017%2C%2017%29%22%2C%22colorGroupsHighlightActive%22%3A%22rgb%2817%2C%2017%2C%2017%29%22%2C%22colorVideoBg%22%3A%22rgb%28255%2C%20255%2C%20255%29%22%2C%22colorVideoOverlay%22%3A%22rgba%28255%2C%20255%2C%20255%2C%200.95%29%22%2C%22colorVideoPlayIcon%22%3A%22rgba%28255%2C%200%2C%200%2C%200.8%29%22%2C%22colorVideoPlayIconHover%22%3A%22rgba%28255%2C%200%2C%200%2C%201%29%22%2C%22colorVideoDuration%22%3A%22rgb%28255%2C%20255%2C%20255%29%22%2C%22colorVideoDurationBg%22%3A%22rgba%2834%2C%2034%2C%2034%2C%200.81%29%22%2C%22colorVideoTitle%22%3A%22rgb%2817%2C%2017%2C%2017%29%22%2C%22colorVideoTitleHover%22%3A%22rgb%2817%2C%2017%2C%2017%29%22%2C%22colorVideoDate%22%3A%22rgba%2817%2C%2017%2C%2017%2C%200.7%29%22%2C%22colorVideoDescription%22%3A%22rgb%2817%2C%2017%2C%2017%29%22%2C%22colorVideoAnchor%22%3A%22rgb%2826%2C%20137%2C%20222%29%22%2C%22colorVideoAnchorHover%22%3A%22rgb%2847%2C%20165%2C%20255%29%22%2C%22colorVideoCounters%22%3A%22rgba%2817%2C%2017%2C%2017%2C%200.7%29%22%2C%22colorPopupBg%22%3A%22rgb%28102%2C%20102%2C%2092%29%22%2C%22colorPopupAnchor%22%3A%22rgb%2826%2C%20137%2C%20222%29%22%2C%22colorPopupAnchorHover%22%3A%22rgb%2847%2C%20165%2C%20255%29%22%2C%22colorPopupOverlay%22%3A%22rgba%280%2C%200%2C%200%2C%200.7%29%22%2C%22colorPopupTitle%22%3A%22rgb%28255%2C%20255%2C%20255%29%22%2C%22colorPopupChannelName%22%3A%22rgb%2817%2C%2017%2C%2017%29%22%2C%22colorPopupChannelNameHover%22%3A%22rgb%2817%2C%2017%2C%2017%29%22%2C%22colorPopupViewsCounter%22%3A%22rgba%2817%2C%2017%2C%2017%2C%200.7%29%22%2C%22colorPopupLikesRatio%22%3A%22rgb%2847%2C%20165%2C%20255%29%22%2C%22colorPopupDislikesRatio%22%3A%22rgb%28207%2C%20207%2C%20207%29%22%2C%22colorPopupLikesCounter%22%3A%22rgba%2817%2C%2017%2C%2017%2C%200.5%29%22%2C%22colorPopupDislikesCounter%22%3A%22rgba%2817%2C%2017%2C%2017%2C%200.5%29%22%2C%22colorPopupShare%22%3A%22rgba%2817%2C%2017%2C%2017%2C%200.5%29%22%2C%22colorPopupDate%22%3A%22rgba%2817%2C%2017%2C%2017%2C%200.7%29%22%2C%22colorPopupDescription%22%3A%22rgb%2817%2C%2017%2C%2017%29%22%2C%22colorPopupDescriptionMoreButton%22%3A%22rgba%2817%2C%2017%2C%2017%2C%200.5%29%22%2C%22colorPopupDescriptionMoreButtonHover%22%3A%22rgba%2817%2C%2017%2C%2017%2C%200.7%29%22%2C%22colorPopupCommentsUsername%22%3A%22rgb%2817%2C%2017%2C%2017%29%22%2C%22colorPopupCommentsUsernameHover%22%3A%22rgb%2817%2C%2017%2C%2017%29%22%2C%22colorPopupCommentsPassedTime%22%3A%22rgba%2817%2C%2017%2C%2017%2C%200.7%29%22%2C%22colorPopupCommentsLikes%22%3A%22rgba%2817%2C%2017%2C%2017%2C%200.5%29%22%2C%22colorPopupCommentsText%22%3A%22rgb%2817%2C%2017%2C%2017%29%22%2C%22colorPopupControls%22%3A%22rgb%28160%2C%20160%2C%20160%29%22%2C%22colorPopupControlsHover%22%3A%22rgb%28220%2C%20220%2C%20220%29%22%2C%22colorPopupControlsMobile%22%3A%22rgb%28220%2C%20220%2C%20220%29%22%2C%22colorPopupControlsMobileBg%22%3A%22rgba%28255%2C%20255%2C%20255%2C%200%29%22%2C%22colorContentBg%22%3A%22rgb%28255%2C%20255%2C%20255%29%22%2C%22colorContentArrows%22%3A%22rgb%280%2C%200%2C%200%29%22%2C%22colorContentArrowsHover%22%3A%22rgb%280%2C%200%2C%200%29%22%2C%22colorContentArrowsBg%22%3A%22rgba%28255%2C%20255%2C%20255%2C%200.8%29%22%2C%22colorContentArrowsBgHover%22%3A%22rgba%28255%2C%20255%2C%20255%2C%201%29%22%2C%22colorContentScrollbarBg%22%3A%22rgb%28204%2C%20204%2C%20204%29%22%2C%22colorContentScrollbarSliderBg%22%3A%22rgba%280%2C%200%2C%200%2C%200.4%29%22%2C%22lang%22%3A%22en%22%2C%22adsClient%22%3Anull%2C%22adsSlotsContent%22%3Anull%2C%22adsSlotsPopup%22%3Anull%2C%22noCookies%22%3Anull%2C%22key%22%3A%22AIzaSyDnabwwnxW6YjfFfPHMNTIWjUHh7wSRsdU%22%2C%22apiUrl%22%3A%22https%3A%5C%2F%5C%2Fcarvoeirobranco.com%5C%2Fpt-pt%5C%2Fwp-json%5C%2Felfsight-youtube-gallery%5C%2Fapi%22%2C%22widgetId%22%3A%221%22%7D\" \n                data-elfsight-youtube-gallery-version=\"3.5.0\"\n                data-elfsight-widget-id=\"elfsight-youtube-gallery-1\">\n            <\/div>\n            [\/vc_column_text][\/vc_column][\/vc_row]<\/p>\n<\/div>","protected":false},"excerpt":{"rendered":"<p>[vc_row css=&#8221;.vc_custom_1680106788301{margin-top: 50px !important;}&#8221; conditional_render=&#8221;%5B%7B%22value_role%22%3A%22administrator%22%7D%5D&#8221;][vc_column width=&#8221;2\/3&#8243; conditional_render=&#8221;%5B%7B%22value_role%22%3A%22administrator%22%7D%5D&#8221;][vc_column_text css=&#8221;&#8221; css_params=&#8221;&#8221;] Uma Vis\u00e3o Empreendedora que Molda o Futuro do Imobili\u00e1rio Erik de Vlieger \u00e9 um empres\u00e1rio holand\u00eas, investidor e fundador da Carvoeiro Branco, uma das principais promotoras imobili\u00e1rias do Algarve. Com mais de quatro d\u00e9cadas de experi\u00eancia em gest\u00e3o e investimento, Erik \u00e9 reconhecido pela sua vis\u00e3o [&hellip;]<\/p>\n","protected":false},"author":1,"featured_media":0,"parent":0,"menu_order":0,"comment_status":"closed","ping_status":"closed","template":"","meta":{"_acf_changed":false,"inline_featured_image":false,"_monsterinsights_skip_tracking":false,"_monsterinsights_sitenote_active":false,"_monsterinsights_sitenote_note":"","_monsterinsights_sitenote_category":0,"footnotes":"","_links_to":"","_links_to_target":""},"class_list":["post-3270","page","type-page","status-publish","hentry"],"acf":[],"yoast_head":"<!-- This site is optimized with the Yoast SEO Premium plugin v27.1 (Yoast SEO v27.4) - https:\/\/yoast.com\/product\/yoast-seo-premium-wordpress\/ -->\n<title>Erik de Vlieger | Diretor Executivo da Carvoeiro Branco<\/title>\n<meta name=\"description\" content=\"Conhe\u00e7a Erik de Vlieger, Diretor Executivo e fundador da Carvoeiro Branco, com mais de 40 anos de experi\u00eancia.\" \/>\n<meta name=\"robots\" content=\"index, follow, max-snippet:-1, max-image-preview:large, max-video-preview:-1\" \/>\n<link rel=\"canonical\" href=\"https:\/\/carvoeirobranco.com\/meet-our-ceo-erik-de-vlieger\/\" \/>\n<meta property=\"og:locale\" content=\"pt_PT\" \/>\n<meta property=\"og:type\" content=\"article\" \/>\n<meta property=\"og:title\" content=\"O Nosso Diretor Executivo, Erik de Vlieger\" \/>\n<meta property=\"og:description\" content=\"Conhe\u00e7a Erik de Vlieger, Diretor Executivo e fundador da Carvoeiro Branco, com mais de 40 anos de experi\u00eancia.\" \/>\n<meta property=\"og:url\" content=\"https:\/\/carvoeirobranco.com\/meet-our-ceo-erik-de-vlieger\/\" \/>\n<meta property=\"og:site_name\" content=\"Carvoeiro Branco\" \/>\n<meta property=\"article:modified_time\" content=\"2026-04-14T09:04:04+00:00\" \/>\n<meta name=\"twitter:card\" content=\"summary_large_image\" \/>\n<meta name=\"twitter:label1\" content=\"Tempo estimado de leitura\" \/>\n\t<meta name=\"twitter:data1\" content=\"2 minutos\" \/>\n<script type=\"application\/ld+json\" class=\"yoast-schema-graph\">{\"@context\":\"https:\\\/\\\/schema.org\",\"@graph\":[{\"@type\":\"WebPage\",\"@id\":\"https:\\\/\\\/carvoeirobranco.com\\\/meet-our-ceo-erik-de-vlieger\\\/\",\"url\":\"https:\\\/\\\/carvoeirobranco.com\\\/meet-our-ceo-erik-de-vlieger\\\/\",\"name\":\"Erik de Vlieger | Diretor Executivo da Carvoeiro Branco\",\"isPartOf\":{\"@id\":\"https:\\\/\\\/carvoeirobranco.com\\\/#website\"},\"datePublished\":\"2023-03-27T14:01:41+00:00\",\"dateModified\":\"2026-04-14T09:04:04+00:00\",\"description\":\"Conhe\u00e7a Erik de Vlieger, Diretor Executivo e fundador da Carvoeiro Branco, com mais de 40 anos de experi\u00eancia.\",\"breadcrumb\":{\"@id\":\"https:\\\/\\\/carvoeirobranco.com\\\/meet-our-ceo-erik-de-vlieger\\\/#breadcrumb\"},\"inLanguage\":\"pt-PT\",\"potentialAction\":[{\"@type\":\"ReadAction\",\"target\":[\"https:\\\/\\\/carvoeirobranco.com\\\/meet-our-ceo-erik-de-vlieger\\\/\"]}]},{\"@type\":\"BreadcrumbList\",\"@id\":\"https:\\\/\\\/carvoeirobranco.com\\\/meet-our-ceo-erik-de-vlieger\\\/#breadcrumb\",\"itemListElement\":[{\"@type\":\"ListItem\",\"position\":1,\"name\":\"Home\",\"item\":\"https:\\\/\\\/carvoeirobranco.com\\\/pt-pt\\\/\"},{\"@type\":\"ListItem\",\"position\":2,\"name\":\"O Nosso Diretor Executivo, Erik de Vlieger\"}]},{\"@type\":\"WebSite\",\"@id\":\"https:\\\/\\\/carvoeirobranco.com\\\/#website\",\"url\":\"https:\\\/\\\/carvoeirobranco.com\\\/\",\"name\":\"Carvoeiro Branco\",\"description\":\"Developers at heart\",\"potentialAction\":[{\"@type\":\"SearchAction\",\"target\":{\"@type\":\"EntryPoint\",\"urlTemplate\":\"https:\\\/\\\/carvoeirobranco.com\\\/?s={search_term_string}\"},\"query-input\":{\"@type\":\"PropertyValueSpecification\",\"valueRequired\":true,\"valueName\":\"search_term_string\"}}],\"inLanguage\":\"pt-PT\"}]}<\/script>\n<!-- \/ Yoast SEO Premium plugin. -->","yoast_head_json":{"title":"Erik de Vlieger | Diretor Executivo da Carvoeiro Branco","description":"Conhe\u00e7a Erik de Vlieger, Diretor Executivo e fundador da Carvoeiro Branco, com mais de 40 anos de experi\u00eancia.","robots":{"index":"index","follow":"follow","max-snippet":"max-snippet:-1","max-image-preview":"max-image-preview:large","max-video-preview":"max-video-preview:-1"},"canonical":"https:\/\/carvoeirobranco.com\/meet-our-ceo-erik-de-vlieger\/","og_locale":"pt_PT","og_type":"article","og_title":"O Nosso Diretor Executivo, Erik de Vlieger","og_description":"Conhe\u00e7a Erik de Vlieger, Diretor Executivo e fundador da Carvoeiro Branco, com mais de 40 anos de experi\u00eancia.","og_url":"https:\/\/carvoeirobranco.com\/meet-our-ceo-erik-de-vlieger\/","og_site_name":"Carvoeiro Branco","article_modified_time":"2026-04-14T09:04:04+00:00","twitter_card":"summary_large_image","twitter_misc":{"Tempo estimado de leitura":"2 minutos"},"schema":{"@context":"https:\/\/schema.org","@graph":[{"@type":"WebPage","@id":"https:\/\/carvoeirobranco.com\/meet-our-ceo-erik-de-vlieger\/","url":"https:\/\/carvoeirobranco.com\/meet-our-ceo-erik-de-vlieger\/","name":"Erik de Vlieger | Diretor Executivo da Carvoeiro Branco","isPartOf":{"@id":"https:\/\/carvoeirobranco.com\/#website"},"datePublished":"2023-03-27T14:01:41+00:00","dateModified":"2026-04-14T09:04:04+00:00","description":"Conhe\u00e7a Erik de Vlieger, Diretor Executivo e fundador da Carvoeiro Branco, com mais de 40 anos de experi\u00eancia.","breadcrumb":{"@id":"https:\/\/carvoeirobranco.com\/meet-our-ceo-erik-de-vlieger\/#breadcrumb"},"inLanguage":"pt-PT","potentialAction":[{"@type":"ReadAction","target":["https:\/\/carvoeirobranco.com\/meet-our-ceo-erik-de-vlieger\/"]}]},{"@type":"BreadcrumbList","@id":"https:\/\/carvoeirobranco.com\/meet-our-ceo-erik-de-vlieger\/#breadcrumb","itemListElement":[{"@type":"ListItem","position":1,"name":"Home","item":"https:\/\/carvoeirobranco.com\/pt-pt\/"},{"@type":"ListItem","position":2,"name":"O Nosso Diretor Executivo, Erik de Vlieger"}]},{"@type":"WebSite","@id":"https:\/\/carvoeirobranco.com\/#website","url":"https:\/\/carvoeirobranco.com\/","name":"Carvoeiro Branco","description":"Developers at heart","potentialAction":[{"@type":"SearchAction","target":{"@type":"EntryPoint","urlTemplate":"https:\/\/carvoeirobranco.com\/?s={search_term_string}"},"query-input":{"@type":"PropertyValueSpecification","valueRequired":true,"valueName":"search_term_string"}}],"inLanguage":"pt-PT"}]}},"_links":{"self":[{"href":"https:\/\/carvoeirobranco.com\/pt-pt\/wp-json\/wp\/v2\/pages\/3270","targetHints":{"allow":["GET"]}}],"collection":[{"href":"https:\/\/carvoeirobranco.com\/pt-pt\/wp-json\/wp\/v2\/pages"}],"about":[{"href":"https:\/\/carvoeirobranco.com\/pt-pt\/wp-json\/wp\/v2\/types\/page"}],"author":[{"embeddable":true,"href":"https:\/\/carvoeirobranco.com\/pt-pt\/wp-json\/wp\/v2\/users\/1"}],"replies":[{"embeddable":true,"href":"https:\/\/carvoeirobranco.com\/pt-pt\/wp-json\/wp\/v2\/comments?post=3270"}],"version-history":[{"count":0,"href":"https:\/\/carvoeirobranco.com\/pt-pt\/wp-json\/wp\/v2\/pages\/3270\/revisions"}],"wp:attachment":[{"href":"https:\/\/carvoeirobranco.com\/pt-pt\/wp-json\/wp\/v2\/media?parent=3270"}],"curies":[{"name":"wp","href":"https:\/\/api.w.org\/{rel}","templated":true}]}}