{"id":3261,"date":"2023-03-27T14:51:45","date_gmt":"2023-03-27T13:51:45","guid":{"rendered":"https:\/\/carvoeirobranco.com\/about-us\/"},"modified":"2026-04-14T11:46:13","modified_gmt":"2026-04-14T10:46:13","slug":"sobre-nos","status":"publish","type":"page","link":"https:\/\/carvoeirobranco.com\/pt-pt\/sobre-nos\/","title":{"rendered":"Sobre N\u00f3s"},"content":{"rendered":"<div class=\"wpb-content-wrapper\"><p>[vc_row css=&#8221;.vc_custom_1680105122358{margin-top: 50px !important;}&#8221; conditional_render=&#8221;%5B%7B%22value_role%22%3A%22administrator%22%7D%5D&#8221;][vc_column width=&#8221;2\/3&#8243;]<div class=\"porto-u-heading  wpb_custom_95aa9a11c17ad45cfabaf210d84ee7cc porto-u-ad87e2eaf3f9c495180fe0156ddf3eb0 \"><style>.porto-u-ad87e2eaf3f9c495180fe0156ddf3eb0.porto-u-heading{text-align:left}<\/style><\/div>[vc_column_text css=&#8221;&#8221; css_params=&#8221;&#8221;]<\/p>\n<h2><span style=\"color: #e47126;\">Transformamos o Algarve <span style=\"color: #2b2926;\">Atrav\u00e9s do Desenvolvimento Imobili\u00e1rio<\/span><\/span><\/h2>\n<p>A Carvoeiro Branco \u00e9 uma empresa de refer\u00eancia no setor imobili\u00e1rio, com quase duas d\u00e9cadas de experi\u00eancia na cria\u00e7\u00e3o de empreendimentos residenciais, tur\u00edsticos e de lazer que redefinem o conceito de desenvolvimento moderno em Portugal, atuando em diversos segmentos, desde projetos de habita\u00e7\u00e3o acess\u00edvel at\u00e9 empreendimentos de luxo.<\/p>\n<p>Com uma abordagem que alia arquitetura contempor\u00e2nea e integra\u00e7\u00e3o com o territ\u00f3rio, desenvolvemos projetos residenciais e tur\u00edsticos que valorizam a paisagem, as comunidades e a qualidade de vida no Algarve.<\/p>\n<p>Liderada por Erik de Vlieger, a nossa equipa \u00e9 composta por profissionais especializados que partilham uma vis\u00e3o comum: elevar os padr\u00f5es de qualidade e inova\u00e7\u00e3o no mercado imobili\u00e1rio portugu\u00eas.<\/p>\n<p>Atualmente, contamos com 25 projetos no Algarve, integrados no portef\u00f3lio da Carvoeiro Branco. Desde lotes de terreno e solu\u00e7\u00f5es de habita\u00e7\u00e3o acess\u00edvel at\u00e9 empreendimentos tur\u00edsticos com rentabilidade garantida, os nossos projetos refletem uma abordagem diversificada, assente em localiza\u00e7\u00f5es de excel\u00eancia e na cria\u00e7\u00e3o de valor sustent\u00e1vel a longo prazo.<\/p>\n<p>Estes projetos refor\u00e7am a nossa vis\u00e3o de desenvolvimento integrado, unindo habita\u00e7\u00e3o, lazer e requalifica\u00e7\u00e3o urbana, e consolidam o nosso papel como um dos principais promotores imobili\u00e1rios do Algarve.<\/p>\n<p>Sob a lideran\u00e7a de Erik de Vlieger, continuamos a elevar os padr\u00f5es de qualidade e design no mercado imobili\u00e1rio portugu\u00eas.[\/vc_column_text][\/vc_column][vc_column width=&#8221;1\/3&#8243; is_sticky=&#8221;yes&#8221; sticky_min_width=&#8221;767&#8243; sticky_top=&#8221;110&#8243; sticky_bottom=&#8221;0&#8243; conditional_render=&#8221;%5B%7B%22value_role%22%3A%22administrator%22%7D%5D&#8221;][vc_single_image image=&#8221;2985&#8243; img_size=&#8221;full&#8221; alignment=&#8221;center&#8221;][\/vc_column][\/vc_row][vc_row][vc_column][vc_column_text css=&#8221;&#8221; css_params=&#8221;&#8221;]<\/p>\n<h2><span style=\"color: #2b2926;\">Transforma\u00e7\u00e3o de <span style=\"color: #e47126;\">Comunidades<\/span><\/span><\/h2>\n<p>A miss\u00e3o da Carvoeiro Branco \u00e9 criar empreendimentos que n\u00e3o apenas ofere\u00e7am conforto e funcionalidade, mas que tamb\u00e9m contribuam para o crescimento social e econ\u00f3mico das regi\u00f5es onde atuamos.<\/p>\n<p>Os nossos projetos &#8211; como Atrium Liberdade, Atrium Lagoa e Arade Premium Village &#8211; s\u00e3o exemplos de como a arquitetura e o planeamento urbano podem transformar locais em comunidades vibrantes e com identidade.<\/p>\n<p>Apostamos em solu\u00e7\u00f5es ecoeficientes e materiais de elevada durabilidade, garantindo empreendimentos que respeitam o ambiente e promovem o bem-estar dos residentes.<\/p>\n<p>&nbsp;<\/p>\n<h2><span style=\"color: #2b2926;\">Constru\u00edmos com <span style=\"color: #e47126;\">Excel\u00eancia e Vis\u00e3o de Futuro<\/span><\/span><\/h2>\n<p>Cada projeto desenvolvido pela Carvoeiro Branco reflete o nosso compromisso com a inova\u00e7\u00e3o e a valoriza\u00e7\u00e3o do patrim\u00f3nio local.<\/p>\n<p>Trabalhamos lado a lado com parceiros estrat\u00e9gicos, investidores e institui\u00e7\u00f5es financeiras para criar espa\u00e7os que se destacam pela qualidade e pela integra\u00e7\u00e3o harmoniosa entre arquitetura e natureza.<\/p>\n<p>Acreditamos que o futuro do setor imobili\u00e1rio passa por projetos que unem prop\u00f3sito e performance &#8211; e \u00e9 exatamente isso que nos inspira em cada desenvolvimento.[\/vc_column_text][\/vc_column][\/vc_row]<\/p>\n<\/div>","protected":false},"excerpt":{"rendered":"<p>[vc_row css=&#8221;.vc_custom_1680105122358{margin-top: 50px !important;}&#8221; conditional_render=&#8221;%5B%7B%22value_role%22%3A%22administrator%22%7D%5D&#8221;][vc_column width=&#8221;2\/3&#8243;][vc_column_text css=&#8221;&#8221; css_params=&#8221;&#8221;] Transformamos o Algarve Atrav\u00e9s do Desenvolvimento Imobili\u00e1rio A Carvoeiro Branco \u00e9 uma empresa de refer\u00eancia no setor imobili\u00e1rio, com quase duas d\u00e9cadas de experi\u00eancia na cria\u00e7\u00e3o de empreendimentos residenciais, tur\u00edsticos e de lazer que redefinem o conceito de desenvolvimento moderno em Portugal, atuando em diversos segmentos, desde [&hellip;]<\/p>\n","protected":false},"author":1,"featured_media":0,"parent":0,"menu_order":0,"comment_status":"closed","ping_status":"closed","template":"","meta":{"_acf_changed":false,"inline_featured_image":false,"_monsterinsights_skip_tracking":false,"_monsterinsights_sitenote_active":false,"_monsterinsights_sitenote_note":"","_monsterinsights_sitenote_category":0,"footnotes":"","_links_to":"","_links_to_target":""},"class_list":["post-3261","page","type-page","status-publish","hentry"],"acf":[],"yoast_head":"<!-- This site is optimized with the Yoast SEO Premium plugin v27.1 (Yoast SEO v27.4) - https:\/\/yoast.com\/product\/yoast-seo-premium-wordpress\/ -->\n<title>Sobre N\u00f3s | Carvoeiro Branco - Desenvolvimento Imobili\u00e1rio<\/title>\n<meta name=\"description\" content=\"Conhe\u00e7a a hist\u00f3ria da Carvoeiro Branco, empresa de refer\u00eancia no desenvolvimento imobili\u00e1rio no Algarve, criamos empreendimentos inovadores.\" \/>\n<meta name=\"robots\" content=\"index, follow, max-snippet:-1, max-image-preview:large, max-video-preview:-1\" \/>\n<link rel=\"canonical\" href=\"https:\/\/carvoeirobranco.com\/pt-pt\/sobre-nos\/\" \/>\n<meta property=\"og:locale\" content=\"pt_PT\" \/>\n<meta property=\"og:type\" content=\"article\" \/>\n<meta property=\"og:title\" content=\"Sobre N\u00f3s\" \/>\n<meta property=\"og:description\" content=\"Conhe\u00e7a a hist\u00f3ria da Carvoeiro Branco, empresa de refer\u00eancia no desenvolvimento imobili\u00e1rio no Algarve, criamos empreendimentos inovadores.\" \/>\n<meta property=\"og:url\" content=\"https:\/\/carvoeirobranco.com\/pt-pt\/sobre-nos\/\" \/>\n<meta property=\"og:site_name\" content=\"Carvoeiro Branco\" \/>\n<meta property=\"article:modified_time\" content=\"2026-04-14T10:46:13+00:00\" \/>\n<meta name=\"twitter:card\" content=\"summary_large_image\" \/>\n<meta name=\"twitter:label1\" content=\"Tempo estimado de leitura\" \/>\n\t<meta name=\"twitter:data1\" content=\"2 minutos\" \/>\n<script type=\"application\/ld+json\" class=\"yoast-schema-graph\">{\"@context\":\"https:\\\/\\\/schema.org\",\"@graph\":[{\"@type\":\"WebPage\",\"@id\":\"https:\\\/\\\/carvoeirobranco.com\\\/pt-pt\\\/sobre-nos\\\/\",\"url\":\"https:\\\/\\\/carvoeirobranco.com\\\/pt-pt\\\/sobre-nos\\\/\",\"name\":\"Sobre N\u00f3s | Carvoeiro Branco - Desenvolvimento Imobili\u00e1rio\",\"isPartOf\":{\"@id\":\"https:\\\/\\\/carvoeirobranco.com\\\/#website\"},\"datePublished\":\"2023-03-27T13:51:45+00:00\",\"dateModified\":\"2026-04-14T10:46:13+00:00\",\"description\":\"Conhe\u00e7a a hist\u00f3ria da Carvoeiro Branco, empresa de refer\u00eancia no desenvolvimento imobili\u00e1rio no Algarve, criamos empreendimentos inovadores.\",\"breadcrumb\":{\"@id\":\"https:\\\/\\\/carvoeirobranco.com\\\/pt-pt\\\/sobre-nos\\\/#breadcrumb\"},\"inLanguage\":\"pt-PT\",\"potentialAction\":[{\"@type\":\"ReadAction\",\"target\":[\"https:\\\/\\\/carvoeirobranco.com\\\/pt-pt\\\/sobre-nos\\\/\"]}]},{\"@type\":\"BreadcrumbList\",\"@id\":\"https:\\\/\\\/carvoeirobranco.com\\\/pt-pt\\\/sobre-nos\\\/#breadcrumb\",\"itemListElement\":[{\"@type\":\"ListItem\",\"position\":1,\"name\":\"Home\",\"item\":\"https:\\\/\\\/carvoeirobranco.com\\\/pt-pt\\\/\"},{\"@type\":\"ListItem\",\"position\":2,\"name\":\"Sobre N\u00f3s\"}]},{\"@type\":\"WebSite\",\"@id\":\"https:\\\/\\\/carvoeirobranco.com\\\/#website\",\"url\":\"https:\\\/\\\/carvoeirobranco.com\\\/\",\"name\":\"Carvoeiro Branco\",\"description\":\"Developers at heart\",\"potentialAction\":[{\"@type\":\"SearchAction\",\"target\":{\"@type\":\"EntryPoint\",\"urlTemplate\":\"https:\\\/\\\/carvoeirobranco.com\\\/?s={search_term_string}\"},\"query-input\":{\"@type\":\"PropertyValueSpecification\",\"valueRequired\":true,\"valueName\":\"search_term_string\"}}],\"inLanguage\":\"pt-PT\"}]}<\/script>\n<!-- \/ Yoast SEO Premium plugin. -->","yoast_head_json":{"title":"Sobre N\u00f3s | Carvoeiro Branco - Desenvolvimento Imobili\u00e1rio","description":"Conhe\u00e7a a hist\u00f3ria da Carvoeiro Branco, empresa de refer\u00eancia no desenvolvimento imobili\u00e1rio no Algarve, criamos empreendimentos inovadores.","robots":{"index":"index","follow":"follow","max-snippet":"max-snippet:-1","max-image-preview":"max-image-preview:large","max-video-preview":"max-video-preview:-1"},"canonical":"https:\/\/carvoeirobranco.com\/pt-pt\/sobre-nos\/","og_locale":"pt_PT","og_type":"article","og_title":"Sobre N\u00f3s","og_description":"Conhe\u00e7a a hist\u00f3ria da Carvoeiro Branco, empresa de refer\u00eancia no desenvolvimento imobili\u00e1rio no Algarve, criamos empreendimentos inovadores.","og_url":"https:\/\/carvoeirobranco.com\/pt-pt\/sobre-nos\/","og_site_name":"Carvoeiro Branco","article_modified_time":"2026-04-14T10:46:13+00:00","twitter_card":"summary_large_image","twitter_misc":{"Tempo estimado de leitura":"2 minutos"},"schema":{"@context":"https:\/\/schema.org","@graph":[{"@type":"WebPage","@id":"https:\/\/carvoeirobranco.com\/pt-pt\/sobre-nos\/","url":"https:\/\/carvoeirobranco.com\/pt-pt\/sobre-nos\/","name":"Sobre N\u00f3s | Carvoeiro Branco - Desenvolvimento Imobili\u00e1rio","isPartOf":{"@id":"https:\/\/carvoeirobranco.com\/#website"},"datePublished":"2023-03-27T13:51:45+00:00","dateModified":"2026-04-14T10:46:13+00:00","description":"Conhe\u00e7a a hist\u00f3ria da Carvoeiro Branco, empresa de refer\u00eancia no desenvolvimento imobili\u00e1rio no Algarve, criamos empreendimentos inovadores.","breadcrumb":{"@id":"https:\/\/carvoeirobranco.com\/pt-pt\/sobre-nos\/#breadcrumb"},"inLanguage":"pt-PT","potentialAction":[{"@type":"ReadAction","target":["https:\/\/carvoeirobranco.com\/pt-pt\/sobre-nos\/"]}]},{"@type":"BreadcrumbList","@id":"https:\/\/carvoeirobranco.com\/pt-pt\/sobre-nos\/#breadcrumb","itemListElement":[{"@type":"ListItem","position":1,"name":"Home","item":"https:\/\/carvoeirobranco.com\/pt-pt\/"},{"@type":"ListItem","position":2,"name":"Sobre N\u00f3s"}]},{"@type":"WebSite","@id":"https:\/\/carvoeirobranco.com\/#website","url":"https:\/\/carvoeirobranco.com\/","name":"Carvoeiro Branco","description":"Developers at heart","potentialAction":[{"@type":"SearchAction","target":{"@type":"EntryPoint","urlTemplate":"https:\/\/carvoeirobranco.com\/?s={search_term_string}"},"query-input":{"@type":"PropertyValueSpecification","valueRequired":true,"valueName":"search_term_string"}}],"inLanguage":"pt-PT"}]}},"_links":{"self":[{"href":"https:\/\/carvoeirobranco.com\/pt-pt\/wp-json\/wp\/v2\/pages\/3261","targetHints":{"allow":["GET"]}}],"collection":[{"href":"https:\/\/carvoeirobranco.com\/pt-pt\/wp-json\/wp\/v2\/pages"}],"about":[{"href":"https:\/\/carvoeirobranco.com\/pt-pt\/wp-json\/wp\/v2\/types\/page"}],"author":[{"embeddable":true,"href":"https:\/\/carvoeirobranco.com\/pt-pt\/wp-json\/wp\/v2\/users\/1"}],"replies":[{"embeddable":true,"href":"https:\/\/carvoeirobranco.com\/pt-pt\/wp-json\/wp\/v2\/comments?post=3261"}],"version-history":[{"count":0,"href":"https:\/\/carvoeirobranco.com\/pt-pt\/wp-json\/wp\/v2\/pages\/3261\/revisions"}],"wp:attachment":[{"href":"https:\/\/carvoeirobranco.com\/pt-pt\/wp-json\/wp\/v2\/media?parent=3261"}],"curies":[{"name":"wp","href":"https:\/\/api.w.org\/{rel}","templated":true}]}}